{"id":341,"date":"2024-11-24T17:16:27","date_gmt":"2024-11-24T16:16:27","guid":{"rendered":"https:\/\/utveckling.blomsterhaga.se\/?page_id=341"},"modified":"2024-12-14T19:08:11","modified_gmt":"2024-12-14T18:08:11","slug":"kontakta-oss","status":"publish","type":"page","link":"https:\/\/utveckling.blomsterhaga.se\/?page_id=341","title":{"rendered":"Kontakta oss"},"content":{"rendered":"\t\t<div data-elementor-type=\"wp-page\" data-elementor-id=\"341\" class=\"elementor elementor-341\" data-elementor-post-type=\"page\">\n\t\t\t\t<div class=\"elementor-element elementor-element-063ffd2 e-con-full e-flex e-con e-parent\" data-id=\"063ffd2\" data-element_type=\"container\">\n\t\t<div class=\"elementor-element elementor-element-4faa85e e-con-full e-flex e-con e-child\" data-id=\"4faa85e\" data-element_type=\"container\" data-settings=\"{&quot;background_background&quot;:&quot;classic&quot;}\">\n\t\t\t\t<div class=\"elementor-element elementor-element-5416cd5 elementor-widget elementor-widget-heading\" data-id=\"5416cd5\" data-element_type=\"widget\" data-widget_type=\"heading.default\">\n\t\t\t\t<div class=\"elementor-widget-container\">\n\t\t\t\t\t<h1 class=\"elementor-heading-title elementor-size-default\">Kontakta oss p\u00e5 Blomsterhaga<\/h1>\t\t\t\t<\/div>\n\t\t\t\t<\/div>\n\t\t\t\t<div class=\"elementor-element elementor-element-cddc6c1 elementor-widget elementor-widget-text-editor\" data-id=\"cddc6c1\" data-element_type=\"widget\" data-widget_type=\"text-editor.default\">\n\t\t\t\t<div class=\"elementor-widget-container\">\n\t\t\t\t\t\t\t\t\t<div class=\"header\">Tveka inte<span style=\"color: #ffffff;\"> att <a style=\"color: #ffffff;\" href=\"mailto:butiken@blomsterhaga.se\">kontakta oss<\/a> p\u00e5<\/span> Blomsterhaga om du har fr\u00e5gor eller funderingar n\u00e4r det g\u00e4ller v\u00e4xter och odling. De flesta av v\u00e5ra medarbetare \u00e4r utbildade florister och tr\u00e4dg\u00e5rdskunniga med l\u00e5ng erfarenhet inom branschen.<\/div><div>\u00a0<\/div><div class=\"header\">Vi finns h\u00e4r f\u00f6r att hj\u00e4lpa v\u00e5ra kunder s\u00e5 tveka inte att fr\u00e5ga oss i butiken eller sl\u00e5 oss en signal.<\/div>\t\t\t\t\t\t\t\t<\/div>\n\t\t\t\t<\/div>\n\t\t\t\t<div class=\"elementor-element elementor-element-b72f73f elementor-widget elementor-widget-heading\" data-id=\"b72f73f\" data-element_type=\"widget\" data-widget_type=\"heading.default\">\n\t\t\t\t<div class=\"elementor-widget-container\">\n\t\t\t\t\t<h2 class=\"elementor-heading-title elementor-size-default\">\u00d6ppettider<\/h2>\t\t\t\t<\/div>\n\t\t\t\t<\/div>\n\t\t\t\t<div class=\"elementor-element elementor-element-9df936e elementor-widget elementor-widget-global elementor-global-343 elementor-widget-text-editor\" data-id=\"9df936e\" data-element_type=\"widget\" data-widget_type=\"text-editor.default\">\n\t\t\t\t<div class=\"elementor-widget-container\">\n\t\t\t\t\t\t\t\t\t<p>M\u00e5ndag &#8211; Fredag 10.00 &#8211; 19.00<br \/>L\u00f6rdag 10.00-15.00<br \/>S\u00f6ndag 11.00-15.00<\/p>\t\t\t\t\t\t\t\t<\/div>\n\t\t\t\t<\/div>\n\t\t\t\t<div class=\"elementor-element elementor-element-509022e elementor-align-center elementor-widget elementor-widget-button\" data-id=\"509022e\" data-element_type=\"widget\" data-widget_type=\"button.default\">\n\t\t\t\t<div class=\"elementor-widget-container\">\n\t\t\t\t\t\t\t\t\t<div class=\"elementor-button-wrapper\">\n\t\t\t\t\t<a class=\"elementor-button elementor-button-link elementor-size-sm\" href=\"mailto:butiken@blomsterhaga.se\">\n\t\t\t\t\t\t<span class=\"elementor-button-content-wrapper\">\n\t\t\t\t\t\t\t\t\t<span class=\"elementor-button-text\">Kontakta oss<\/span>\n\t\t\t\t\t<\/span>\n\t\t\t\t\t<\/a>\n\t\t\t\t<\/div>\n\t\t\t\t\t\t\t\t<\/div>\n\t\t\t\t<\/div>\n\t\t\t\t<\/div>\n\t\t<div class=\"elementor-element elementor-element-bf9ae04 e-con-full e-flex e-con e-child\" data-id=\"bf9ae04\" data-element_type=\"container\" data-settings=\"{&quot;background_background&quot;:&quot;classic&quot;}\">\n\t\t\t\t<div class=\"elementor-element elementor-element-1d059f9 elementor-widget elementor-widget-heading\" data-id=\"1d059f9\" data-element_type=\"widget\" data-widget_type=\"heading.default\">\n\t\t\t\t<div class=\"elementor-widget-container\">\n\t\t\t\t\t<h2 class=\"elementor-heading-title elementor-size-default\">Fotograf Emma Milosson<\/h2>\t\t\t\t<\/div>\n\t\t\t\t<\/div>\n\t\t\t\t<\/div>\n\t\t\t\t<\/div>\n\t\t<div class=\"elementor-element elementor-element-621dc84 e-con-full e-flex e-con e-parent\" data-id=\"621dc84\" data-element_type=\"container\">\n\t\t<div class=\"elementor-element elementor-element-b62de6d e-con-full e-flex e-con e-child\" data-id=\"b62de6d\" data-element_type=\"container\" data-settings=\"{&quot;background_background&quot;:&quot;classic&quot;}\">\n\t\t\t\t<div class=\"elementor-element elementor-element-560d31b elementor-widget elementor-widget-heading\" data-id=\"560d31b\" data-element_type=\"widget\" data-widget_type=\"heading.default\">\n\t\t\t\t<div class=\"elementor-widget-container\">\n\t\t\t\t\t<h2 class=\"elementor-heading-title elementor-size-default\">Hitta till oss<\/h2>\t\t\t\t<\/div>\n\t\t\t\t<\/div>\n\t\t\t\t<div class=\"elementor-element elementor-element-4d8af53 elementor-widget elementor-widget-text-editor\" data-id=\"4d8af53\" data-element_type=\"widget\" data-widget_type=\"text-editor.default\">\n\t\t\t\t<div class=\"elementor-widget-container\">\n\t\t\t\t\t\t\t\t\t<p style=\"font-weight: 400;\">Blomsterhaga<br \/>Kristineholmsv\u00e4gen 2<br \/>44150 Alings\u00e5s<\/p><p style=\"font-weight: 400;\"><a href=\"tel:0322-644480\">0322-644480<\/a><br \/>Mail: <a href=\"mailto:butiken@blomsterhaga.se\">butiken@blomsterhaga.se<\/a><\/p>\t\t\t\t\t\t\t\t<\/div>\n\t\t\t\t<\/div>\n\t\t\t\t<\/div>\n\t\t<div class=\"elementor-element elementor-element-d52cba0 e-con-full e-flex e-con e-child\" data-id=\"d52cba0\" data-element_type=\"container\">\n\t\t\t\t<div class=\"elementor-element elementor-element-14fbc3e elementor-widget elementor-widget-global elementor-global-381 elementor-widget-google_maps\" data-id=\"14fbc3e\" data-element_type=\"widget\" data-widget_type=\"google_maps.default\">\n\t\t\t\t<div class=\"elementor-widget-container\">\n\t\t\t\t\t\t\t<div class=\"elementor-custom-embed\">\n\t\t\t<iframe loading=\"lazy\"\n\t\t\t\t\tsrc=\"https:\/\/maps.google.com\/maps?q=kristineholmsv%C3%A4gen%202%20alings%C3%A5s&#038;t=m&#038;z=14&#038;output=embed&#038;iwloc=near\"\n\t\t\t\t\ttitle=\"kristineholmsv\u00e4gen 2 alings\u00e5s\"\n\t\t\t\t\taria-label=\"kristineholmsv\u00e4gen 2 alings\u00e5s\"\n\t\t\t><\/iframe>\n\t\t<\/div>\n\t\t\t\t\t\t<\/div>\n\t\t\t\t<\/div>\n\t\t\t\t<\/div>\n\t\t\t\t<\/div>\n\t\t\t\t<\/div>\n\t\t","protected":false},"excerpt":{"rendered":"<p>Kontakta oss p\u00e5 Blomsterhaga Tveka inte att kontakta oss p\u00e5 Blomsterhaga om du har fr\u00e5gor eller funderingar n\u00e4r det g\u00e4ller v\u00e4xter och odling. De flesta av v\u00e5ra medarbetare \u00e4r utbildade florister och tr\u00e4dg\u00e5rdskunniga med l\u00e5ng erfarenhet inom branschen.\u00a0Vi finns h\u00e4r f\u00f6r att hj\u00e4lpa v\u00e5ra kunder s\u00e5 tveka inte att fr\u00e5ga oss i butiken eller sl\u00e5 [&hellip;]<\/p>\n","protected":false},"author":2,"featured_media":0,"parent":0,"menu_order":0,"comment_status":"closed","ping_status":"closed","template":"elementor_header_footer","meta":{"footnotes":""},"class_list":["post-341","page","type-page","status-publish","hentry"],"yoast_head":"<!-- This site is optimized with the Yoast SEO plugin v24.0 - https:\/\/yoast.com\/wordpress\/plugins\/seo\/ -->\n<title>Kontakta oss - Blomsterhaga<\/title>\n<meta name=\"description\" content=\"Kontakta oss p\u00e5 Blomsterhaga h\u00e4r om du har fr\u00e5gor eller funderingar. Vi kan det mesta n\u00e4r det g\u00e4ller v\u00e4xter och odling.\" \/>\n<meta name=\"robots\" content=\"index, follow, max-snippet:-1, max-image-preview:large, max-video-preview:-1\" \/>\n<link rel=\"canonical\" href=\"https:\/\/utveckling.blomsterhaga.se\/?page_id=341\" \/>\n<meta property=\"og:locale\" content=\"sv_SE\" \/>\n<meta property=\"og:type\" content=\"article\" \/>\n<meta property=\"og:title\" content=\"Kontakta oss - Blomsterhaga\" \/>\n<meta property=\"og:description\" content=\"Kontakta oss p\u00e5 Blomsterhaga h\u00e4r om du har fr\u00e5gor eller funderingar. Vi kan det mesta n\u00e4r det g\u00e4ller v\u00e4xter och odling.\" \/>\n<meta property=\"og:url\" content=\"https:\/\/utveckling.blomsterhaga.se\/?page_id=341\" \/>\n<meta property=\"og:site_name\" content=\"Blomsterhaga\" \/>\n<meta property=\"article:modified_time\" content=\"2024-12-14T18:08:11+00:00\" \/>\n<meta name=\"twitter:card\" content=\"summary_large_image\" \/>\n<meta name=\"twitter:label1\" content=\"Ber\u00e4knad l\u00e4stid\" \/>\n\t<meta name=\"twitter:data1\" content=\"1 minut\" \/>\n<script type=\"application\/ld+json\" class=\"yoast-schema-graph\">{\"@context\":\"https:\/\/schema.org\",\"@graph\":[{\"@type\":\"WebPage\",\"@id\":\"https:\/\/utveckling.blomsterhaga.se\/?page_id=341\",\"url\":\"https:\/\/utveckling.blomsterhaga.se\/?page_id=341\",\"name\":\"Kontakta oss - Blomsterhaga\",\"isPartOf\":{\"@id\":\"https:\/\/utveckling.blomsterhaga.se\/#website\"},\"datePublished\":\"2024-11-24T16:16:27+00:00\",\"dateModified\":\"2024-12-14T18:08:11+00:00\",\"description\":\"Kontakta oss p\u00e5 Blomsterhaga h\u00e4r om du har fr\u00e5gor eller funderingar. Vi kan det mesta n\u00e4r det g\u00e4ller v\u00e4xter och odling.\",\"breadcrumb\":{\"@id\":\"https:\/\/utveckling.blomsterhaga.se\/?page_id=341#breadcrumb\"},\"inLanguage\":\"sv-SE\",\"potentialAction\":[{\"@type\":\"ReadAction\",\"target\":[\"https:\/\/utveckling.blomsterhaga.se\/?page_id=341\"]}]},{\"@type\":\"BreadcrumbList\",\"@id\":\"https:\/\/utveckling.blomsterhaga.se\/?page_id=341#breadcrumb\",\"itemListElement\":[{\"@type\":\"ListItem\",\"position\":1,\"name\":\"Hem\",\"item\":\"https:\/\/utveckling.blomsterhaga.se\/\"},{\"@type\":\"ListItem\",\"position\":2,\"name\":\"Kontakta oss\"}]},{\"@type\":\"WebSite\",\"@id\":\"https:\/\/utveckling.blomsterhaga.se\/#website\",\"url\":\"https:\/\/utveckling.blomsterhaga.se\/\",\"name\":\"Blomsterhaga\",\"description\":\"Blommor, tr\u00e4dg\u00e5rd &amp; interi\u00f6r\",\"publisher\":{\"@id\":\"https:\/\/utveckling.blomsterhaga.se\/#organization\"},\"potentialAction\":[{\"@type\":\"SearchAction\",\"target\":{\"@type\":\"EntryPoint\",\"urlTemplate\":\"https:\/\/utveckling.blomsterhaga.se\/?s={search_term_string}\"},\"query-input\":{\"@type\":\"PropertyValueSpecification\",\"valueRequired\":true,\"valueName\":\"search_term_string\"}}],\"inLanguage\":\"sv-SE\"},{\"@type\":\"Organization\",\"@id\":\"https:\/\/utveckling.blomsterhaga.se\/#organization\",\"name\":\"Blomsterhaga\",\"url\":\"https:\/\/utveckling.blomsterhaga.se\/\",\"logo\":{\"@type\":\"ImageObject\",\"inLanguage\":\"sv-SE\",\"@id\":\"https:\/\/utveckling.blomsterhaga.se\/#\/schema\/logo\/image\/\",\"url\":\"https:\/\/utveckling.blomsterhaga.se\/wp-content\/uploads\/2024\/11\/Blomsterhaga_logotyp.jpg\",\"contentUrl\":\"https:\/\/utveckling.blomsterhaga.se\/wp-content\/uploads\/2024\/11\/Blomsterhaga_logotyp.jpg\",\"width\":283,\"height\":142,\"caption\":\"Blomsterhaga\"},\"image\":{\"@id\":\"https:\/\/utveckling.blomsterhaga.se\/#\/schema\/logo\/image\/\"}}]}<\/script>\n<!-- \/ Yoast SEO plugin. -->","yoast_head_json":{"title":"Kontakta oss - Blomsterhaga","description":"Kontakta oss p\u00e5 Blomsterhaga h\u00e4r om du har fr\u00e5gor eller funderingar. Vi kan det mesta n\u00e4r det g\u00e4ller v\u00e4xter och odling.","robots":{"index":"index","follow":"follow","max-snippet":"max-snippet:-1","max-image-preview":"max-image-preview:large","max-video-preview":"max-video-preview:-1"},"canonical":"https:\/\/utveckling.blomsterhaga.se\/?page_id=341","og_locale":"sv_SE","og_type":"article","og_title":"Kontakta oss - Blomsterhaga","og_description":"Kontakta oss p\u00e5 Blomsterhaga h\u00e4r om du har fr\u00e5gor eller funderingar. Vi kan det mesta n\u00e4r det g\u00e4ller v\u00e4xter och odling.","og_url":"https:\/\/utveckling.blomsterhaga.se\/?page_id=341","og_site_name":"Blomsterhaga","article_modified_time":"2024-12-14T18:08:11+00:00","twitter_card":"summary_large_image","twitter_misc":{"Ber\u00e4knad l\u00e4stid":"1 minut"},"schema":{"@context":"https:\/\/schema.org","@graph":[{"@type":"WebPage","@id":"https:\/\/utveckling.blomsterhaga.se\/?page_id=341","url":"https:\/\/utveckling.blomsterhaga.se\/?page_id=341","name":"Kontakta oss - Blomsterhaga","isPartOf":{"@id":"https:\/\/utveckling.blomsterhaga.se\/#website"},"datePublished":"2024-11-24T16:16:27+00:00","dateModified":"2024-12-14T18:08:11+00:00","description":"Kontakta oss p\u00e5 Blomsterhaga h\u00e4r om du har fr\u00e5gor eller funderingar. Vi kan det mesta n\u00e4r det g\u00e4ller v\u00e4xter och odling.","breadcrumb":{"@id":"https:\/\/utveckling.blomsterhaga.se\/?page_id=341#breadcrumb"},"inLanguage":"sv-SE","potentialAction":[{"@type":"ReadAction","target":["https:\/\/utveckling.blomsterhaga.se\/?page_id=341"]}]},{"@type":"BreadcrumbList","@id":"https:\/\/utveckling.blomsterhaga.se\/?page_id=341#breadcrumb","itemListElement":[{"@type":"ListItem","position":1,"name":"Hem","item":"https:\/\/utveckling.blomsterhaga.se\/"},{"@type":"ListItem","position":2,"name":"Kontakta oss"}]},{"@type":"WebSite","@id":"https:\/\/utveckling.blomsterhaga.se\/#website","url":"https:\/\/utveckling.blomsterhaga.se\/","name":"Blomsterhaga","description":"Blommor, tr\u00e4dg\u00e5rd &amp; interi\u00f6r","publisher":{"@id":"https:\/\/utveckling.blomsterhaga.se\/#organization"},"potentialAction":[{"@type":"SearchAction","target":{"@type":"EntryPoint","urlTemplate":"https:\/\/utveckling.blomsterhaga.se\/?s={search_term_string}"},"query-input":{"@type":"PropertyValueSpecification","valueRequired":true,"valueName":"search_term_string"}}],"inLanguage":"sv-SE"},{"@type":"Organization","@id":"https:\/\/utveckling.blomsterhaga.se\/#organization","name":"Blomsterhaga","url":"https:\/\/utveckling.blomsterhaga.se\/","logo":{"@type":"ImageObject","inLanguage":"sv-SE","@id":"https:\/\/utveckling.blomsterhaga.se\/#\/schema\/logo\/image\/","url":"https:\/\/utveckling.blomsterhaga.se\/wp-content\/uploads\/2024\/11\/Blomsterhaga_logotyp.jpg","contentUrl":"https:\/\/utveckling.blomsterhaga.se\/wp-content\/uploads\/2024\/11\/Blomsterhaga_logotyp.jpg","width":283,"height":142,"caption":"Blomsterhaga"},"image":{"@id":"https:\/\/utveckling.blomsterhaga.se\/#\/schema\/logo\/image\/"}}]}},"_links":{"self":[{"href":"https:\/\/utveckling.blomsterhaga.se\/index.php?rest_route=\/wp\/v2\/pages\/341","targetHints":{"allow":["GET"]}}],"collection":[{"href":"https:\/\/utveckling.blomsterhaga.se\/index.php?rest_route=\/wp\/v2\/pages"}],"about":[{"href":"https:\/\/utveckling.blomsterhaga.se\/index.php?rest_route=\/wp\/v2\/types\/page"}],"author":[{"embeddable":true,"href":"https:\/\/utveckling.blomsterhaga.se\/index.php?rest_route=\/wp\/v2\/users\/2"}],"replies":[{"embeddable":true,"href":"https:\/\/utveckling.blomsterhaga.se\/index.php?rest_route=%2Fwp%2Fv2%2Fcomments&post=341"}],"version-history":[{"count":48,"href":"https:\/\/utveckling.blomsterhaga.se\/index.php?rest_route=\/wp\/v2\/pages\/341\/revisions"}],"predecessor-version":[{"id":932,"href":"https:\/\/utveckling.blomsterhaga.se\/index.php?rest_route=\/wp\/v2\/pages\/341\/revisions\/932"}],"wp:attachment":[{"href":"https:\/\/utveckling.blomsterhaga.se\/index.php?rest_route=%2Fwp%2Fv2%2Fmedia&parent=341"}],"curies":[{"name":"wp","href":"https:\/\/api.w.org\/{rel}","templated":true}]}}