{"id":359,"date":"2024-11-24T17:32:30","date_gmt":"2024-11-24T16:32:30","guid":{"rendered":"https:\/\/utveckling.blomsterhaga.se\/?page_id=359"},"modified":"2024-12-14T19:06:13","modified_gmt":"2024-12-14T18:06:13","slug":"oppettider-blomsterhaga","status":"publish","type":"page","link":"https:\/\/utveckling.blomsterhaga.se\/?page_id=359","title":{"rendered":"\u00d6ppettider"},"content":{"rendered":"\t\t<div data-elementor-type=\"wp-page\" data-elementor-id=\"359\" class=\"elementor elementor-359\" data-elementor-post-type=\"page\">\n\t\t\t\t<div class=\"elementor-element elementor-element-063ffd2 e-con-full e-flex e-con e-parent\" data-id=\"063ffd2\" data-element_type=\"container\">\n\t\t<div class=\"elementor-element elementor-element-bf9ae04 e-con-full e-flex e-con e-child\" data-id=\"bf9ae04\" data-element_type=\"container\" data-settings=\"{&quot;background_background&quot;:&quot;classic&quot;}\">\n\t\t\t\t<\/div>\n\t\t<div class=\"elementor-element elementor-element-4faa85e e-con-full e-flex e-con e-child\" data-id=\"4faa85e\" data-element_type=\"container\" data-settings=\"{&quot;background_background&quot;:&quot;classic&quot;}\">\n\t\t\t\t<div class=\"elementor-element elementor-element-b72f73f elementor-widget-mobile__width-initial elementor-widget elementor-widget-heading\" data-id=\"b72f73f\" data-element_type=\"widget\" data-widget_type=\"heading.default\">\n\t\t\t\t<div class=\"elementor-widget-container\">\n\t\t\t\t\t<h1 class=\"elementor-heading-title elementor-size-default\">\u00d6ppettider hos Blomsterhaga<\/h1>\t\t\t\t<\/div>\n\t\t\t\t<\/div>\n\t\t\t\t<div class=\"elementor-element elementor-element-a8a8f44 elementor-widget elementor-widget-global elementor-global-343 elementor-widget-text-editor\" data-id=\"a8a8f44\" data-element_type=\"widget\" data-widget_type=\"text-editor.default\">\n\t\t\t\t<div class=\"elementor-widget-container\">\n\t\t\t\t\t\t\t\t\t<p>M\u00e5ndag &#8211; Fredag 10.00 &#8211; 19.00<br \/>L\u00f6rdag 10.00-15.00<br \/>S\u00f6ndag 11.00-15.00<\/p>\t\t\t\t\t\t\t\t<\/div>\n\t\t\t\t<\/div>\n\t\t\t\t<div class=\"elementor-element elementor-element-32b1302 elementor-widget elementor-widget-text-editor\" data-id=\"32b1302\" data-element_type=\"widget\" data-widget_type=\"text-editor.default\">\n\t\t\t\t<div class=\"elementor-widget-container\">\n\t\t\t\t\t\t\t\t\t<p>Kom och bes\u00f6k oss i v\u00e5r blomstrande oas, d\u00e4r det alltid finns n\u00e5got nytt att uppt\u00e4cka. Vi ser fram emot att f\u00e5 inspirera dig och hj\u00e4lpa dig hitta det du s\u00f6ker \u2013 och kanske n\u00e5got ov\u00e4ntat som g\u00f6r din dag lite extra blomstrande!<\/p><p style=\"font-weight: 400;\"><strong>Avvikande \u00f6ppettider 2025:<\/strong><\/p><p style=\"font-weight: 400;\">Ny\u00e5rsdagen st\u00e4ngt<\/p><p style=\"font-weight: 400;\">Trettondagen 11-15<\/p><p style=\"font-weight: 400;\">L\u00e5ngfredag 11-15<\/p><p style=\"font-weight: 400;\">P\u00e5skdagen st\u00e4ngt<\/p><p style=\"font-weight: 400;\">Valborgsm\u00e4ssoafton 10-17<\/p><p style=\"font-weight: 400;\">1 maj 11-15<\/p><p style=\"font-weight: 400;\">Kristihimmelsf\u00e4rd 11-15<\/p><p style=\"font-weight: 400;\">6 juni Nationaldagen 11-15<\/p><p style=\"font-weight: 400;\">Midsommarafton 10-13<\/p><p style=\"font-weight: 400;\">Midsommardagen st\u00e4ngt<\/p><p style=\"font-weight: 400;\">Julafton 10-13<\/p><p style=\"font-weight: 400;\">Juldagen st\u00e4ngt<\/p><p style=\"font-weight: 400;\">Annandag jul 11-15<\/p><p style=\"font-weight: 400;\">Ny\u00e5rafton 10-15<\/p>\t\t\t\t\t\t\t\t<\/div>\n\t\t\t\t<\/div>\n\t\t\t\t<div class=\"elementor-element elementor-element-af83f94 elementor-align-center elementor-widget elementor-widget-button\" data-id=\"af83f94\" data-element_type=\"widget\" data-widget_type=\"button.default\">\n\t\t\t\t<div class=\"elementor-widget-container\">\n\t\t\t\t\t\t\t\t\t<div class=\"elementor-button-wrapper\">\n\t\t\t\t\t<a class=\"elementor-button elementor-button-link elementor-size-sm\" href=\"mailto:butiken@blomsterhaga.se\">\n\t\t\t\t\t\t<span class=\"elementor-button-content-wrapper\">\n\t\t\t\t\t\t\t\t\t<span class=\"elementor-button-text\">Kontakta oss<\/span>\n\t\t\t\t\t<\/span>\n\t\t\t\t\t<\/a>\n\t\t\t\t<\/div>\n\t\t\t\t\t\t\t\t<\/div>\n\t\t\t\t<\/div>\n\t\t\t\t<\/div>\n\t\t\t\t<\/div>\n\t\t<div class=\"elementor-element elementor-element-c2a4a4f e-con-full e-flex e-con e-parent\" data-id=\"c2a4a4f\" data-element_type=\"container\">\n\t\t<div class=\"elementor-element elementor-element-cffc7fd e-con-full e-flex e-con e-child\" data-id=\"cffc7fd\" data-element_type=\"container\">\n\t\t\t\t<div class=\"elementor-element elementor-element-5416cd5 elementor-widget elementor-widget-heading\" data-id=\"5416cd5\" data-element_type=\"widget\" data-widget_type=\"heading.default\">\n\t\t\t\t<div class=\"elementor-widget-container\">\n\t\t\t\t\t<h2 class=\"elementor-heading-title elementor-size-default\">Blomsterhaga<\/h2>\t\t\t\t<\/div>\n\t\t\t\t<\/div>\n\t\t\t\t<div class=\"elementor-element elementor-element-cddc6c1 elementor-widget elementor-widget-text-editor\" data-id=\"cddc6c1\" data-element_type=\"widget\" data-widget_type=\"text-editor.default\">\n\t\t\t\t<div class=\"elementor-widget-container\">\n\t\t\t\t\t\t\t\t\t<p><span style=\"color: #000000;\">Mycket varmt v\u00e4lkommen till Blomsterhaga i Alings\u00e5s &#8211; Butiken med det lilla extra, mycket hj\u00e4rta, personlig service, gediget kunnande och riktigt bra priser!<\/span><\/p><p><span style=\"color: #000000;\">Hos oss finner du ett brett <a style=\"color: #000000;\" href=\"https:\/\/utveckling.blomsterhaga.se\/?page_id=394\">sortiment<\/a> av b\u00e5de tr\u00e4dg\u00e5rdsv\u00e4xter, interi\u00f6r, krukv\u00e4xter och snittblommor.<\/span><\/p>\t\t\t\t\t\t\t\t<\/div>\n\t\t\t\t<\/div>\n\t\t\t\t<div class=\"elementor-element elementor-element-6451a6e elementor-widget elementor-widget-image\" data-id=\"6451a6e\" data-element_type=\"widget\" data-widget_type=\"image.default\">\n\t\t\t\t<div class=\"elementor-widget-container\">\n\t\t\t\t\t\t\t\t\t\t\t\t\t\t\t<img fetchpriority=\"high\" decoding=\"async\" width=\"800\" height=\"534\" src=\"https:\/\/utveckling.blomsterhaga.se\/wp-content\/uploads\/2024\/12\/IMG_4414-1024x683.jpg\" class=\"attachment-large size-large wp-image-840\" alt=\"\" srcset=\"https:\/\/utveckling.blomsterhaga.se\/wp-content\/uploads\/2024\/12\/IMG_4414-1024x683.jpg 1024w, https:\/\/utveckling.blomsterhaga.se\/wp-content\/uploads\/2024\/12\/IMG_4414-300x200.jpg 300w, https:\/\/utveckling.blomsterhaga.se\/wp-content\/uploads\/2024\/12\/IMG_4414-768x512.jpg 768w, https:\/\/utveckling.blomsterhaga.se\/wp-content\/uploads\/2024\/12\/IMG_4414-1536x1024.jpg 1536w, https:\/\/utveckling.blomsterhaga.se\/wp-content\/uploads\/2024\/12\/IMG_4414.jpg 2048w\" sizes=\"(max-width: 800px) 100vw, 800px\" \/>\t\t\t\t\t\t\t\t\t\t\t\t\t\t\t<\/div>\n\t\t\t\t<\/div>\n\t\t\t\t<\/div>\n\t\t<div class=\"elementor-element elementor-element-ccaad96 e-con-full e-flex e-con e-child\" data-id=\"ccaad96\" data-element_type=\"container\">\n\t\t\t\t<div class=\"elementor-element elementor-element-767faf3 elementor-widget elementor-widget-global elementor-global-381 elementor-widget-google_maps\" data-id=\"767faf3\" data-element_type=\"widget\" data-widget_type=\"google_maps.default\">\n\t\t\t\t<div class=\"elementor-widget-container\">\n\t\t\t\t\t\t\t<div class=\"elementor-custom-embed\">\n\t\t\t<iframe loading=\"lazy\"\n\t\t\t\t\tsrc=\"https:\/\/maps.google.com\/maps?q=kristineholmsv%C3%A4gen%202%20alings%C3%A5s&#038;t=m&#038;z=14&#038;output=embed&#038;iwloc=near\"\n\t\t\t\t\ttitle=\"kristineholmsv\u00e4gen 2 alings\u00e5s\"\n\t\t\t\t\taria-label=\"kristineholmsv\u00e4gen 2 alings\u00e5s\"\n\t\t\t><\/iframe>\n\t\t<\/div>\n\t\t\t\t\t\t<\/div>\n\t\t\t\t<\/div>\n\t\t\t\t<\/div>\n\t\t\t\t<\/div>\n\t\t\t\t<\/div>\n\t\t","protected":false},"excerpt":{"rendered":"<p>\u00d6ppettider hos Blomsterhaga M\u00e5ndag &#8211; Fredag 10.00 &#8211; 19.00L\u00f6rdag 10.00-15.00S\u00f6ndag 11.00-15.00 Kom och bes\u00f6k oss i v\u00e5r blomstrande oas, d\u00e4r det alltid finns n\u00e5got nytt att uppt\u00e4cka. Vi ser fram emot att f\u00e5 inspirera dig och hj\u00e4lpa dig hitta det du s\u00f6ker \u2013 och kanske n\u00e5got ov\u00e4ntat som g\u00f6r din dag lite extra blomstrande! Avvikande [&hellip;]<\/p>\n","protected":false},"author":2,"featured_media":0,"parent":0,"menu_order":0,"comment_status":"closed","ping_status":"closed","template":"elementor_header_footer","meta":{"footnotes":""},"class_list":["post-359","page","type-page","status-publish","hentry"],"yoast_head":"<!-- This site is optimized with the Yoast SEO plugin v24.0 - https:\/\/yoast.com\/wordpress\/plugins\/seo\/ -->\n<title>\u00d6ppettider - Blomsterhaga<\/title>\n<meta name=\"description\" content=\"H\u00e4r kan du l\u00e4sa om v\u00e5ra \u00f6ppettider hos Blomsterhaga. V\u00e5rt kunniga team finns p\u00e5 plats f\u00f6r att ge dig r\u00e5d och inspiration.\" \/>\n<meta name=\"robots\" content=\"index, follow, max-snippet:-1, max-image-preview:large, max-video-preview:-1\" \/>\n<link rel=\"canonical\" href=\"https:\/\/utveckling.blomsterhaga.se\/?page_id=359\" \/>\n<meta property=\"og:locale\" content=\"sv_SE\" \/>\n<meta property=\"og:type\" content=\"article\" \/>\n<meta property=\"og:title\" content=\"\u00d6ppettider - Blomsterhaga\" \/>\n<meta property=\"og:description\" content=\"H\u00e4r kan du l\u00e4sa om v\u00e5ra \u00f6ppettider hos Blomsterhaga. V\u00e5rt kunniga team finns p\u00e5 plats f\u00f6r att ge dig r\u00e5d och inspiration.\" \/>\n<meta property=\"og:url\" content=\"https:\/\/utveckling.blomsterhaga.se\/?page_id=359\" \/>\n<meta property=\"og:site_name\" content=\"Blomsterhaga\" \/>\n<meta property=\"article:modified_time\" content=\"2024-12-14T18:06:13+00:00\" \/>\n<meta property=\"og:image\" content=\"https:\/\/utveckling.blomsterhaga.se\/wp-content\/uploads\/2024\/12\/IMG_4414.jpg\" \/>\n\t<meta property=\"og:image:width\" content=\"2048\" \/>\n\t<meta property=\"og:image:height\" content=\"1365\" \/>\n\t<meta property=\"og:image:type\" content=\"image\/jpeg\" \/>\n<meta name=\"twitter:card\" content=\"summary_large_image\" \/>\n<meta name=\"twitter:label1\" content=\"Ber\u00e4knad l\u00e4stid\" \/>\n\t<meta name=\"twitter:data1\" content=\"1 minut\" \/>\n<script type=\"application\/ld+json\" class=\"yoast-schema-graph\">{\"@context\":\"https:\/\/schema.org\",\"@graph\":[{\"@type\":\"WebPage\",\"@id\":\"https:\/\/utveckling.blomsterhaga.se\/?page_id=359\",\"url\":\"https:\/\/utveckling.blomsterhaga.se\/?page_id=359\",\"name\":\"\u00d6ppettider - Blomsterhaga\",\"isPartOf\":{\"@id\":\"https:\/\/utveckling.blomsterhaga.se\/#website\"},\"primaryImageOfPage\":{\"@id\":\"https:\/\/utveckling.blomsterhaga.se\/?page_id=359#primaryimage\"},\"image\":{\"@id\":\"https:\/\/utveckling.blomsterhaga.se\/?page_id=359#primaryimage\"},\"thumbnailUrl\":\"https:\/\/utveckling.blomsterhaga.se\/wp-content\/uploads\/2024\/12\/IMG_4414-1024x683.jpg\",\"datePublished\":\"2024-11-24T16:32:30+00:00\",\"dateModified\":\"2024-12-14T18:06:13+00:00\",\"description\":\"H\u00e4r kan du l\u00e4sa om v\u00e5ra \u00f6ppettider hos Blomsterhaga. V\u00e5rt kunniga team finns p\u00e5 plats f\u00f6r att ge dig r\u00e5d och inspiration.\",\"breadcrumb\":{\"@id\":\"https:\/\/utveckling.blomsterhaga.se\/?page_id=359#breadcrumb\"},\"inLanguage\":\"sv-SE\",\"potentialAction\":[{\"@type\":\"ReadAction\",\"target\":[\"https:\/\/utveckling.blomsterhaga.se\/?page_id=359\"]}]},{\"@type\":\"ImageObject\",\"inLanguage\":\"sv-SE\",\"@id\":\"https:\/\/utveckling.blomsterhaga.se\/?page_id=359#primaryimage\",\"url\":\"https:\/\/utveckling.blomsterhaga.se\/wp-content\/uploads\/2024\/12\/IMG_4414.jpg\",\"contentUrl\":\"https:\/\/utveckling.blomsterhaga.se\/wp-content\/uploads\/2024\/12\/IMG_4414.jpg\",\"width\":2048,\"height\":1365},{\"@type\":\"BreadcrumbList\",\"@id\":\"https:\/\/utveckling.blomsterhaga.se\/?page_id=359#breadcrumb\",\"itemListElement\":[{\"@type\":\"ListItem\",\"position\":1,\"name\":\"Hem\",\"item\":\"https:\/\/utveckling.blomsterhaga.se\/\"},{\"@type\":\"ListItem\",\"position\":2,\"name\":\"\u00d6ppettider\"}]},{\"@type\":\"WebSite\",\"@id\":\"https:\/\/utveckling.blomsterhaga.se\/#website\",\"url\":\"https:\/\/utveckling.blomsterhaga.se\/\",\"name\":\"Blomsterhaga\",\"description\":\"Blommor, tr\u00e4dg\u00e5rd &amp; interi\u00f6r\",\"publisher\":{\"@id\":\"https:\/\/utveckling.blomsterhaga.se\/#organization\"},\"potentialAction\":[{\"@type\":\"SearchAction\",\"target\":{\"@type\":\"EntryPoint\",\"urlTemplate\":\"https:\/\/utveckling.blomsterhaga.se\/?s={search_term_string}\"},\"query-input\":{\"@type\":\"PropertyValueSpecification\",\"valueRequired\":true,\"valueName\":\"search_term_string\"}}],\"inLanguage\":\"sv-SE\"},{\"@type\":\"Organization\",\"@id\":\"https:\/\/utveckling.blomsterhaga.se\/#organization\",\"name\":\"Blomsterhaga\",\"url\":\"https:\/\/utveckling.blomsterhaga.se\/\",\"logo\":{\"@type\":\"ImageObject\",\"inLanguage\":\"sv-SE\",\"@id\":\"https:\/\/utveckling.blomsterhaga.se\/#\/schema\/logo\/image\/\",\"url\":\"https:\/\/utveckling.blomsterhaga.se\/wp-content\/uploads\/2024\/11\/Blomsterhaga_logotyp.jpg\",\"contentUrl\":\"https:\/\/utveckling.blomsterhaga.se\/wp-content\/uploads\/2024\/11\/Blomsterhaga_logotyp.jpg\",\"width\":283,\"height\":142,\"caption\":\"Blomsterhaga\"},\"image\":{\"@id\":\"https:\/\/utveckling.blomsterhaga.se\/#\/schema\/logo\/image\/\"}}]}<\/script>\n<!-- \/ Yoast SEO plugin. -->","yoast_head_json":{"title":"\u00d6ppettider - Blomsterhaga","description":"H\u00e4r kan du l\u00e4sa om v\u00e5ra \u00f6ppettider hos Blomsterhaga. V\u00e5rt kunniga team finns p\u00e5 plats f\u00f6r att ge dig r\u00e5d och inspiration.","robots":{"index":"index","follow":"follow","max-snippet":"max-snippet:-1","max-image-preview":"max-image-preview:large","max-video-preview":"max-video-preview:-1"},"canonical":"https:\/\/utveckling.blomsterhaga.se\/?page_id=359","og_locale":"sv_SE","og_type":"article","og_title":"\u00d6ppettider - Blomsterhaga","og_description":"H\u00e4r kan du l\u00e4sa om v\u00e5ra \u00f6ppettider hos Blomsterhaga. V\u00e5rt kunniga team finns p\u00e5 plats f\u00f6r att ge dig r\u00e5d och inspiration.","og_url":"https:\/\/utveckling.blomsterhaga.se\/?page_id=359","og_site_name":"Blomsterhaga","article_modified_time":"2024-12-14T18:06:13+00:00","og_image":[{"width":2048,"height":1365,"url":"https:\/\/utveckling.blomsterhaga.se\/wp-content\/uploads\/2024\/12\/IMG_4414.jpg","type":"image\/jpeg"}],"twitter_card":"summary_large_image","twitter_misc":{"Ber\u00e4knad l\u00e4stid":"1 minut"},"schema":{"@context":"https:\/\/schema.org","@graph":[{"@type":"WebPage","@id":"https:\/\/utveckling.blomsterhaga.se\/?page_id=359","url":"https:\/\/utveckling.blomsterhaga.se\/?page_id=359","name":"\u00d6ppettider - Blomsterhaga","isPartOf":{"@id":"https:\/\/utveckling.blomsterhaga.se\/#website"},"primaryImageOfPage":{"@id":"https:\/\/utveckling.blomsterhaga.se\/?page_id=359#primaryimage"},"image":{"@id":"https:\/\/utveckling.blomsterhaga.se\/?page_id=359#primaryimage"},"thumbnailUrl":"https:\/\/utveckling.blomsterhaga.se\/wp-content\/uploads\/2024\/12\/IMG_4414-1024x683.jpg","datePublished":"2024-11-24T16:32:30+00:00","dateModified":"2024-12-14T18:06:13+00:00","description":"H\u00e4r kan du l\u00e4sa om v\u00e5ra \u00f6ppettider hos Blomsterhaga. V\u00e5rt kunniga team finns p\u00e5 plats f\u00f6r att ge dig r\u00e5d och inspiration.","breadcrumb":{"@id":"https:\/\/utveckling.blomsterhaga.se\/?page_id=359#breadcrumb"},"inLanguage":"sv-SE","potentialAction":[{"@type":"ReadAction","target":["https:\/\/utveckling.blomsterhaga.se\/?page_id=359"]}]},{"@type":"ImageObject","inLanguage":"sv-SE","@id":"https:\/\/utveckling.blomsterhaga.se\/?page_id=359#primaryimage","url":"https:\/\/utveckling.blomsterhaga.se\/wp-content\/uploads\/2024\/12\/IMG_4414.jpg","contentUrl":"https:\/\/utveckling.blomsterhaga.se\/wp-content\/uploads\/2024\/12\/IMG_4414.jpg","width":2048,"height":1365},{"@type":"BreadcrumbList","@id":"https:\/\/utveckling.blomsterhaga.se\/?page_id=359#breadcrumb","itemListElement":[{"@type":"ListItem","position":1,"name":"Hem","item":"https:\/\/utveckling.blomsterhaga.se\/"},{"@type":"ListItem","position":2,"name":"\u00d6ppettider"}]},{"@type":"WebSite","@id":"https:\/\/utveckling.blomsterhaga.se\/#website","url":"https:\/\/utveckling.blomsterhaga.se\/","name":"Blomsterhaga","description":"Blommor, tr\u00e4dg\u00e5rd &amp; interi\u00f6r","publisher":{"@id":"https:\/\/utveckling.blomsterhaga.se\/#organization"},"potentialAction":[{"@type":"SearchAction","target":{"@type":"EntryPoint","urlTemplate":"https:\/\/utveckling.blomsterhaga.se\/?s={search_term_string}"},"query-input":{"@type":"PropertyValueSpecification","valueRequired":true,"valueName":"search_term_string"}}],"inLanguage":"sv-SE"},{"@type":"Organization","@id":"https:\/\/utveckling.blomsterhaga.se\/#organization","name":"Blomsterhaga","url":"https:\/\/utveckling.blomsterhaga.se\/","logo":{"@type":"ImageObject","inLanguage":"sv-SE","@id":"https:\/\/utveckling.blomsterhaga.se\/#\/schema\/logo\/image\/","url":"https:\/\/utveckling.blomsterhaga.se\/wp-content\/uploads\/2024\/11\/Blomsterhaga_logotyp.jpg","contentUrl":"https:\/\/utveckling.blomsterhaga.se\/wp-content\/uploads\/2024\/11\/Blomsterhaga_logotyp.jpg","width":283,"height":142,"caption":"Blomsterhaga"},"image":{"@id":"https:\/\/utveckling.blomsterhaga.se\/#\/schema\/logo\/image\/"}}]}},"_links":{"self":[{"href":"https:\/\/utveckling.blomsterhaga.se\/index.php?rest_route=\/wp\/v2\/pages\/359","targetHints":{"allow":["GET"]}}],"collection":[{"href":"https:\/\/utveckling.blomsterhaga.se\/index.php?rest_route=\/wp\/v2\/pages"}],"about":[{"href":"https:\/\/utveckling.blomsterhaga.se\/index.php?rest_route=\/wp\/v2\/types\/page"}],"author":[{"embeddable":true,"href":"https:\/\/utveckling.blomsterhaga.se\/index.php?rest_route=\/wp\/v2\/users\/2"}],"replies":[{"embeddable":true,"href":"https:\/\/utveckling.blomsterhaga.se\/index.php?rest_route=%2Fwp%2Fv2%2Fcomments&post=359"}],"version-history":[{"count":49,"href":"https:\/\/utveckling.blomsterhaga.se\/index.php?rest_route=\/wp\/v2\/pages\/359\/revisions"}],"predecessor-version":[{"id":926,"href":"https:\/\/utveckling.blomsterhaga.se\/index.php?rest_route=\/wp\/v2\/pages\/359\/revisions\/926"}],"wp:attachment":[{"href":"https:\/\/utveckling.blomsterhaga.se\/index.php?rest_route=%2Fwp%2Fv2%2Fmedia&parent=359"}],"curies":[{"name":"wp","href":"https:\/\/api.w.org\/{rel}","templated":true}]}}