{"id":645,"date":"2024-12-08T16:54:51","date_gmt":"2024-12-08T15:54:51","guid":{"rendered":"https:\/\/utveckling.blomsterhaga.se\/?page_id=645"},"modified":"2024-12-14T19:02:02","modified_gmt":"2024-12-14T18:02:02","slug":"binderier","status":"publish","type":"page","link":"https:\/\/utveckling.blomsterhaga.se\/?page_id=645","title":{"rendered":"Binderier i Alings\u00e5s"},"content":{"rendered":"\t\t<div data-elementor-type=\"wp-page\" data-elementor-id=\"645\" class=\"elementor elementor-645\" data-elementor-post-type=\"page\">\n\t\t\t\t<div class=\"elementor-element elementor-element-063ffd2 e-con-full e-flex e-con e-parent\" data-id=\"063ffd2\" data-element_type=\"container\">\n\t\t<div class=\"elementor-element elementor-element-bf9ae04 e-con-full e-flex e-con e-child\" data-id=\"bf9ae04\" data-element_type=\"container\" data-settings=\"{&quot;background_background&quot;:&quot;classic&quot;}\">\n\t\t\t\t<div class=\"elementor-element elementor-element-1f170bc elementor-widget elementor-widget-heading\" data-id=\"1f170bc\" data-element_type=\"widget\" data-widget_type=\"heading.default\">\n\t\t\t\t<div class=\"elementor-widget-container\">\n\t\t\t\t\t<h2 class=\"elementor-heading-title elementor-size-default\">Fotograf Emma Milosson<\/h2>\t\t\t\t<\/div>\n\t\t\t\t<\/div>\n\t\t\t\t<\/div>\n\t\t<div class=\"elementor-element elementor-element-4faa85e e-con-full e-flex e-con e-child\" data-id=\"4faa85e\" data-element_type=\"container\" data-settings=\"{&quot;background_background&quot;:&quot;classic&quot;}\">\n\t\t\t\t<div class=\"elementor-element elementor-element-5416cd5 elementor-widget elementor-widget-heading\" data-id=\"5416cd5\" data-element_type=\"widget\" data-widget_type=\"heading.default\">\n\t\t\t\t<div class=\"elementor-widget-container\">\n\t\t\t\t\t<h1 class=\"elementor-heading-title elementor-size-default\">Binderier i Alings\u00e5s f\u00f6r livets alla stunder<\/h1>\t\t\t\t<\/div>\n\t\t\t\t<\/div>\n\t\t\t\t<div class=\"elementor-element elementor-element-cddc6c1 elementor-widget elementor-widget-text-editor\" data-id=\"cddc6c1\" data-element_type=\"widget\" data-widget_type=\"text-editor.default\">\n\t\t\t\t<div class=\"elementor-widget-container\">\n\t\t\t\t\t\t\t\t\t<div class=\"header\"><p>Hos oss i Alings\u00e5s hittar du ett brett utbud av binderier, fr\u00e5n klassiska och eleganta till moderna och kreativa. Vi arbetar med s\u00e4songens b\u00e4sta blommor och skapar buketter och arrangemang som speglar din personliga stil och \u00f6nskem\u00e5l.<\/p><p>Kom in till v\u00e5r <span style=\"color: #ffffff;\"><a style=\"color: #ffffff;\" href=\"https:\/\/utveckling.blomsterhaga.se\/\">butik<\/a><\/span> och l\u00e5t oss hj\u00e4lpa dig att f\u00f6rverkliga din vision av binderier. P\u00e5 Blomsterhaga s\u00e4tter vi alltid kvalitet och kundn\u00f6jdhet i f\u00f6rsta rummet och skapar binderier f\u00f6r alla tillf\u00e4llen. Oavsett om du planerar ditt dr\u00f6mbr\u00f6llop, s\u00f6ker ett vackert arrangemang f\u00f6r att hedra en \u00e4lskad, eller vill skicka blommor med blomsterbud \u00f6ver hela Sverige, finns vi h\u00e4r f\u00f6r dig.<\/p><h4><strong>Binderier i Alings\u00e5s \u2013 Br\u00f6llop, Sorg och blomsterbud i Sverige<\/strong><\/h4><p>F\u00f6r att best\u00e4lla blomsterbud inom Alings\u00e5s &#8211; ring oss! I \u00f6vriga Sverige samarbetar vi med Mazzo. Ring oss idag f\u00f6r att best\u00e4lla eller f\u00e5 r\u00e5dgivning \u2013 vi hj\u00e4lper dig att skapa n\u00e5got unikt och minnesv\u00e4rt!<\/p><\/div>\t\t\t\t\t\t\t\t<\/div>\n\t\t\t\t<\/div>\n\t\t\t\t<div class=\"elementor-element elementor-element-63758f1 elementor-align-center elementor-widget elementor-widget-button\" data-id=\"63758f1\" data-element_type=\"widget\" data-widget_type=\"button.default\">\n\t\t\t\t<div class=\"elementor-widget-container\">\n\t\t\t\t\t\t\t\t\t<div class=\"elementor-button-wrapper\">\n\t\t\t\t\t<a class=\"elementor-button elementor-button-link elementor-size-sm\" href=\"https:\/\/blomsterbud.mazzo.se\/ombud\/823?fbclid=PAZXh0bgNhZW0CMTEAAaaVJi73ttlVqZQgtMdwAIGHS_w8wtwg-R6N7tttHkNISHY-QidB_cmjl6g_aem_30RJgN0H8SQpMZGUG2iCWw\">\n\t\t\t\t\t\t<span class=\"elementor-button-content-wrapper\">\n\t\t\t\t\t\t\t\t\t<span class=\"elementor-button-text\">Best\u00e4ll blomsterbud i resten av Sverige<\/span>\n\t\t\t\t\t<\/span>\n\t\t\t\t\t<\/a>\n\t\t\t\t<\/div>\n\t\t\t\t\t\t\t\t<\/div>\n\t\t\t\t<\/div>\n\t\t\t\t<\/div>\n\t\t\t\t<\/div>\n\t\t<div class=\"elementor-element elementor-element-7b611bd e-con-full e-flex e-con e-parent\" data-id=\"7b611bd\" data-element_type=\"container\">\n\t\t<div class=\"elementor-element elementor-element-b48de23 e-grid e-con-full e-con e-child\" data-id=\"b48de23\" data-element_type=\"container\" data-settings=\"{&quot;background_background&quot;:&quot;classic&quot;}\">\n\t\t\t\t<div class=\"elementor-element elementor-element-bee5c98 elementor-widget elementor-widget-image\" data-id=\"bee5c98\" data-element_type=\"widget\" data-widget_type=\"image.default\">\n\t\t\t\t<div class=\"elementor-widget-container\">\n\t\t\t\t\t\t\t\t\t\t\t\t\t\t\t<img fetchpriority=\"high\" decoding=\"async\" width=\"683\" height=\"1024\" src=\"https:\/\/utveckling.blomsterhaga.se\/wp-content\/uploads\/2024\/12\/IMG_4420-683x1024.webp\" class=\"attachment-large size-large wp-image-810\" alt=\"\" srcset=\"https:\/\/utveckling.blomsterhaga.se\/wp-content\/uploads\/2024\/12\/IMG_4420-683x1024.webp 683w, https:\/\/utveckling.blomsterhaga.se\/wp-content\/uploads\/2024\/12\/IMG_4420-200x300.webp 200w, https:\/\/utveckling.blomsterhaga.se\/wp-content\/uploads\/2024\/12\/IMG_4420-768x1152.webp 768w, https:\/\/utveckling.blomsterhaga.se\/wp-content\/uploads\/2024\/12\/IMG_4420-1024x1536.webp 1024w, https:\/\/utveckling.blomsterhaga.se\/wp-content\/uploads\/2024\/12\/IMG_4420.webp 1365w\" sizes=\"(max-width: 683px) 100vw, 683px\" \/>\t\t\t\t\t\t\t\t\t\t\t\t\t\t\t<\/div>\n\t\t\t\t<\/div>\n\t\t\t\t<div class=\"elementor-element elementor-element-13464ee elementor-widget elementor-widget-image\" data-id=\"13464ee\" data-element_type=\"widget\" data-widget_type=\"image.default\">\n\t\t\t\t<div class=\"elementor-widget-container\">\n\t\t\t\t\t\t\t\t\t\t\t\t\t\t\t<img decoding=\"async\" width=\"683\" height=\"1024\" src=\"https:\/\/utveckling.blomsterhaga.se\/wp-content\/uploads\/2024\/12\/IMG_4408-683x1024.webp\" class=\"attachment-large size-large wp-image-815\" alt=\"\" srcset=\"https:\/\/utveckling.blomsterhaga.se\/wp-content\/uploads\/2024\/12\/IMG_4408-683x1024.webp 683w, https:\/\/utveckling.blomsterhaga.se\/wp-content\/uploads\/2024\/12\/IMG_4408-200x300.webp 200w, https:\/\/utveckling.blomsterhaga.se\/wp-content\/uploads\/2024\/12\/IMG_4408-768x1152.webp 768w, https:\/\/utveckling.blomsterhaga.se\/wp-content\/uploads\/2024\/12\/IMG_4408-1024x1536.webp 1024w, https:\/\/utveckling.blomsterhaga.se\/wp-content\/uploads\/2024\/12\/IMG_4408.webp 1365w\" sizes=\"(max-width: 683px) 100vw, 683px\" \/>\t\t\t\t\t\t\t\t\t\t\t\t\t\t\t<\/div>\n\t\t\t\t<\/div>\n\t\t\t\t<div class=\"elementor-element elementor-element-ed8a6e2 elementor-widget elementor-widget-image\" data-id=\"ed8a6e2\" data-element_type=\"widget\" data-widget_type=\"image.default\">\n\t\t\t\t<div class=\"elementor-widget-container\">\n\t\t\t\t\t\t\t\t\t\t\t\t\t\t\t<img decoding=\"async\" width=\"683\" height=\"1024\" src=\"https:\/\/utveckling.blomsterhaga.se\/wp-content\/uploads\/2024\/12\/IMG_4411-683x1024.webp\" class=\"attachment-large size-large wp-image-818\" alt=\"binderier alings\u00e5s\" srcset=\"https:\/\/utveckling.blomsterhaga.se\/wp-content\/uploads\/2024\/12\/IMG_4411-683x1024.webp 683w, https:\/\/utveckling.blomsterhaga.se\/wp-content\/uploads\/2024\/12\/IMG_4411-200x300.webp 200w, https:\/\/utveckling.blomsterhaga.se\/wp-content\/uploads\/2024\/12\/IMG_4411-768x1152.webp 768w, https:\/\/utveckling.blomsterhaga.se\/wp-content\/uploads\/2024\/12\/IMG_4411-1024x1536.webp 1024w, https:\/\/utveckling.blomsterhaga.se\/wp-content\/uploads\/2024\/12\/IMG_4411.webp 1365w\" sizes=\"(max-width: 683px) 100vw, 683px\" \/>\t\t\t\t\t\t\t\t\t\t\t\t\t\t\t<\/div>\n\t\t\t\t<\/div>\n\t\t\t\t<div class=\"elementor-element elementor-element-d64411b elementor-widget elementor-widget-image\" data-id=\"d64411b\" data-element_type=\"widget\" data-widget_type=\"image.default\">\n\t\t\t\t<div class=\"elementor-widget-container\">\n\t\t\t\t\t\t\t\t\t\t\t\t\t\t\t<img loading=\"lazy\" decoding=\"async\" width=\"768\" height=\"1024\" src=\"https:\/\/utveckling.blomsterhaga.se\/wp-content\/uploads\/2024\/12\/IMG_2725-768x1024.webp\" class=\"attachment-large size-large wp-image-805\" alt=\"binderier alings\u00e5s\" srcset=\"https:\/\/utveckling.blomsterhaga.se\/wp-content\/uploads\/2024\/12\/IMG_2725-768x1024.webp 768w, https:\/\/utveckling.blomsterhaga.se\/wp-content\/uploads\/2024\/12\/IMG_2725-225x300.webp 225w, https:\/\/utveckling.blomsterhaga.se\/wp-content\/uploads\/2024\/12\/IMG_2725-1152x1536.webp 1152w, https:\/\/utveckling.blomsterhaga.se\/wp-content\/uploads\/2024\/12\/IMG_2725-1536x2048.webp 1536w, https:\/\/utveckling.blomsterhaga.se\/wp-content\/uploads\/2024\/12\/IMG_2725-scaled.webp 1920w\" sizes=\"(max-width: 768px) 100vw, 768px\" \/>\t\t\t\t\t\t\t\t\t\t\t\t\t\t\t<\/div>\n\t\t\t\t<\/div>\n\t\t\t\t<div class=\"elementor-element elementor-element-ea4994b elementor-widget elementor-widget-image\" data-id=\"ea4994b\" data-element_type=\"widget\" data-widget_type=\"image.default\">\n\t\t\t\t<div class=\"elementor-widget-container\">\n\t\t\t\t\t\t\t\t\t\t\t\t\t\t\t<img loading=\"lazy\" decoding=\"async\" width=\"768\" height=\"1024\" src=\"https:\/\/utveckling.blomsterhaga.se\/wp-content\/uploads\/2024\/12\/IMG_4436-768x1024.webp\" class=\"attachment-large size-large wp-image-819\" alt=\"\" srcset=\"https:\/\/utveckling.blomsterhaga.se\/wp-content\/uploads\/2024\/12\/IMG_4436-768x1024.webp 768w, https:\/\/utveckling.blomsterhaga.se\/wp-content\/uploads\/2024\/12\/IMG_4436-225x300.webp 225w, https:\/\/utveckling.blomsterhaga.se\/wp-content\/uploads\/2024\/12\/IMG_4436-1152x1536.webp 1152w, https:\/\/utveckling.blomsterhaga.se\/wp-content\/uploads\/2024\/12\/IMG_4436.webp 1536w\" sizes=\"(max-width: 768px) 100vw, 768px\" \/>\t\t\t\t\t\t\t\t\t\t\t\t\t\t\t<\/div>\n\t\t\t\t<\/div>\n\t\t\t\t<div class=\"elementor-element elementor-element-aed11a4 elementor-widget elementor-widget-image\" data-id=\"aed11a4\" data-element_type=\"widget\" data-widget_type=\"image.default\">\n\t\t\t\t<div class=\"elementor-widget-container\">\n\t\t\t\t\t\t\t\t\t\t\t\t\t\t\t<img loading=\"lazy\" decoding=\"async\" width=\"783\" height=\"1024\" src=\"https:\/\/utveckling.blomsterhaga.se\/wp-content\/uploads\/2024\/12\/IMG_1615-783x1024.webp\" class=\"attachment-large size-large wp-image-821\" alt=\"\" srcset=\"https:\/\/utveckling.blomsterhaga.se\/wp-content\/uploads\/2024\/12\/IMG_1615-783x1024.webp 783w, https:\/\/utveckling.blomsterhaga.se\/wp-content\/uploads\/2024\/12\/IMG_1615-229x300.webp 229w, https:\/\/utveckling.blomsterhaga.se\/wp-content\/uploads\/2024\/12\/IMG_1615-768x1004.webp 768w, https:\/\/utveckling.blomsterhaga.se\/wp-content\/uploads\/2024\/12\/IMG_1615-1175x1536.webp 1175w, https:\/\/utveckling.blomsterhaga.se\/wp-content\/uploads\/2024\/12\/IMG_1615-1567x2048.webp 1567w, https:\/\/utveckling.blomsterhaga.se\/wp-content\/uploads\/2024\/12\/IMG_1615-scaled.webp 1958w\" sizes=\"(max-width: 783px) 100vw, 783px\" \/>\t\t\t\t\t\t\t\t\t\t\t\t\t\t\t<\/div>\n\t\t\t\t<\/div>\n\t\t\t\t<\/div>\n\t\t<div class=\"elementor-element elementor-element-15cf61b e-flex e-con-boxed e-con e-child\" data-id=\"15cf61b\" data-element_type=\"container\">\n\t\t\t\t\t<div class=\"e-con-inner\">\n\t\t\t\t<div class=\"elementor-element elementor-element-c03281c elementor-widget elementor-widget-heading\" data-id=\"c03281c\" data-element_type=\"widget\" data-widget_type=\"heading.default\">\n\t\t\t\t<div class=\"elementor-widget-container\">\n\t\t\t\t\t<h2 class=\"elementor-heading-title elementor-size-default\">Br\u00f6llopsbilderna p\u00e5 v\u00e5r sida \u00e4r tagna av Fotograf Emma Milosson<\/h2>\t\t\t\t<\/div>\n\t\t\t\t<\/div>\n\t\t\t\t\t<\/div>\n\t\t\t\t<\/div>\n\t\t\t\t<\/div>\n\t\t\t\t<\/div>\n\t\t","protected":false},"excerpt":{"rendered":"<p>Fotograf Emma Milosson Binderier i Alings\u00e5s f\u00f6r livets alla stunder Hos oss i Alings\u00e5s hittar du ett brett utbud av binderier, fr\u00e5n klassiska och eleganta till moderna och kreativa. Vi arbetar med s\u00e4songens b\u00e4sta blommor och skapar buketter och arrangemang som speglar din personliga stil och \u00f6nskem\u00e5l. Kom in till v\u00e5r butik och l\u00e5t oss [&hellip;]<\/p>\n","protected":false},"author":2,"featured_media":0,"parent":0,"menu_order":0,"comment_status":"closed","ping_status":"closed","template":"elementor_header_footer","meta":{"footnotes":""},"class_list":["post-645","page","type-page","status-publish","hentry"],"yoast_head":"<!-- This site is optimized with the Yoast SEO plugin v24.0 - https:\/\/yoast.com\/wordpress\/plugins\/seo\/ -->\n<title>Binderier i Alings\u00e5s hos Blomsterhaga<\/title>\n<meta name=\"description\" content=\"Blomsterhaga i Alings\u00e5s \u2013 vi g\u00f6r vackra blomsterarrangemang. Vi skapar binderier f\u00f6r br\u00f6llop, begravningar &amp; blomsterbud.\" \/>\n<meta name=\"robots\" content=\"index, follow, max-snippet:-1, max-image-preview:large, max-video-preview:-1\" \/>\n<link rel=\"canonical\" href=\"https:\/\/utveckling.blomsterhaga.se\/?page_id=645\" \/>\n<meta property=\"og:locale\" content=\"sv_SE\" \/>\n<meta property=\"og:type\" content=\"article\" \/>\n<meta property=\"og:title\" content=\"Binderier i Alings\u00e5s hos Blomsterhaga\" \/>\n<meta property=\"og:description\" content=\"Blomsterhaga i Alings\u00e5s \u2013 vi g\u00f6r vackra blomsterarrangemang. Vi skapar binderier f\u00f6r br\u00f6llop, begravningar &amp; blomsterbud.\" \/>\n<meta property=\"og:url\" content=\"https:\/\/utveckling.blomsterhaga.se\/?page_id=645\" \/>\n<meta property=\"og:site_name\" content=\"Blomsterhaga\" \/>\n<meta property=\"article:modified_time\" content=\"2024-12-14T18:02:02+00:00\" \/>\n<meta property=\"og:image\" content=\"https:\/\/utveckling.blomsterhaga.se\/wp-content\/uploads\/2024\/12\/IMG_4420.webp\" \/>\n\t<meta property=\"og:image:width\" content=\"1365\" \/>\n\t<meta property=\"og:image:height\" content=\"2048\" \/>\n\t<meta property=\"og:image:type\" content=\"image\/webp\" \/>\n<meta name=\"twitter:card\" content=\"summary_large_image\" \/>\n<meta name=\"twitter:label1\" content=\"Ber\u00e4knad l\u00e4stid\" \/>\n\t<meta name=\"twitter:data1\" content=\"3 minuter\" \/>\n<script type=\"application\/ld+json\" class=\"yoast-schema-graph\">{\"@context\":\"https:\/\/schema.org\",\"@graph\":[{\"@type\":\"WebPage\",\"@id\":\"https:\/\/utveckling.blomsterhaga.se\/?page_id=645\",\"url\":\"https:\/\/utveckling.blomsterhaga.se\/?page_id=645\",\"name\":\"Binderier i Alings\u00e5s hos Blomsterhaga\",\"isPartOf\":{\"@id\":\"https:\/\/utveckling.blomsterhaga.se\/#website\"},\"primaryImageOfPage\":{\"@id\":\"https:\/\/utveckling.blomsterhaga.se\/?page_id=645#primaryimage\"},\"image\":{\"@id\":\"https:\/\/utveckling.blomsterhaga.se\/?page_id=645#primaryimage\"},\"thumbnailUrl\":\"https:\/\/utveckling.blomsterhaga.se\/wp-content\/uploads\/2024\/12\/IMG_4420-683x1024.webp\",\"datePublished\":\"2024-12-08T15:54:51+00:00\",\"dateModified\":\"2024-12-14T18:02:02+00:00\",\"description\":\"Blomsterhaga i Alings\u00e5s \u2013 vi g\u00f6r vackra blomsterarrangemang. Vi skapar binderier f\u00f6r br\u00f6llop, begravningar & blomsterbud.\",\"breadcrumb\":{\"@id\":\"https:\/\/utveckling.blomsterhaga.se\/?page_id=645#breadcrumb\"},\"inLanguage\":\"sv-SE\",\"potentialAction\":[{\"@type\":\"ReadAction\",\"target\":[\"https:\/\/utveckling.blomsterhaga.se\/?page_id=645\"]}]},{\"@type\":\"ImageObject\",\"inLanguage\":\"sv-SE\",\"@id\":\"https:\/\/utveckling.blomsterhaga.se\/?page_id=645#primaryimage\",\"url\":\"https:\/\/utveckling.blomsterhaga.se\/wp-content\/uploads\/2024\/12\/IMG_4420.webp\",\"contentUrl\":\"https:\/\/utveckling.blomsterhaga.se\/wp-content\/uploads\/2024\/12\/IMG_4420.webp\",\"width\":1365,\"height\":2048},{\"@type\":\"BreadcrumbList\",\"@id\":\"https:\/\/utveckling.blomsterhaga.se\/?page_id=645#breadcrumb\",\"itemListElement\":[{\"@type\":\"ListItem\",\"position\":1,\"name\":\"Hem\",\"item\":\"https:\/\/utveckling.blomsterhaga.se\/\"},{\"@type\":\"ListItem\",\"position\":2,\"name\":\"Binderier i Alings\u00e5s\"}]},{\"@type\":\"WebSite\",\"@id\":\"https:\/\/utveckling.blomsterhaga.se\/#website\",\"url\":\"https:\/\/utveckling.blomsterhaga.se\/\",\"name\":\"Blomsterhaga\",\"description\":\"Blommor, tr\u00e4dg\u00e5rd &amp; interi\u00f6r\",\"publisher\":{\"@id\":\"https:\/\/utveckling.blomsterhaga.se\/#organization\"},\"potentialAction\":[{\"@type\":\"SearchAction\",\"target\":{\"@type\":\"EntryPoint\",\"urlTemplate\":\"https:\/\/utveckling.blomsterhaga.se\/?s={search_term_string}\"},\"query-input\":{\"@type\":\"PropertyValueSpecification\",\"valueRequired\":true,\"valueName\":\"search_term_string\"}}],\"inLanguage\":\"sv-SE\"},{\"@type\":\"Organization\",\"@id\":\"https:\/\/utveckling.blomsterhaga.se\/#organization\",\"name\":\"Blomsterhaga\",\"url\":\"https:\/\/utveckling.blomsterhaga.se\/\",\"logo\":{\"@type\":\"ImageObject\",\"inLanguage\":\"sv-SE\",\"@id\":\"https:\/\/utveckling.blomsterhaga.se\/#\/schema\/logo\/image\/\",\"url\":\"https:\/\/utveckling.blomsterhaga.se\/wp-content\/uploads\/2024\/11\/Blomsterhaga_logotyp.jpg\",\"contentUrl\":\"https:\/\/utveckling.blomsterhaga.se\/wp-content\/uploads\/2024\/11\/Blomsterhaga_logotyp.jpg\",\"width\":283,\"height\":142,\"caption\":\"Blomsterhaga\"},\"image\":{\"@id\":\"https:\/\/utveckling.blomsterhaga.se\/#\/schema\/logo\/image\/\"}}]}<\/script>\n<!-- \/ Yoast SEO plugin. -->","yoast_head_json":{"title":"Binderier i Alings\u00e5s hos Blomsterhaga","description":"Blomsterhaga i Alings\u00e5s \u2013 vi g\u00f6r vackra blomsterarrangemang. Vi skapar binderier f\u00f6r br\u00f6llop, begravningar & blomsterbud.","robots":{"index":"index","follow":"follow","max-snippet":"max-snippet:-1","max-image-preview":"max-image-preview:large","max-video-preview":"max-video-preview:-1"},"canonical":"https:\/\/utveckling.blomsterhaga.se\/?page_id=645","og_locale":"sv_SE","og_type":"article","og_title":"Binderier i Alings\u00e5s hos Blomsterhaga","og_description":"Blomsterhaga i Alings\u00e5s \u2013 vi g\u00f6r vackra blomsterarrangemang. Vi skapar binderier f\u00f6r br\u00f6llop, begravningar & blomsterbud.","og_url":"https:\/\/utveckling.blomsterhaga.se\/?page_id=645","og_site_name":"Blomsterhaga","article_modified_time":"2024-12-14T18:02:02+00:00","og_image":[{"width":1365,"height":2048,"url":"https:\/\/utveckling.blomsterhaga.se\/wp-content\/uploads\/2024\/12\/IMG_4420.webp","type":"image\/webp"}],"twitter_card":"summary_large_image","twitter_misc":{"Ber\u00e4knad l\u00e4stid":"3 minuter"},"schema":{"@context":"https:\/\/schema.org","@graph":[{"@type":"WebPage","@id":"https:\/\/utveckling.blomsterhaga.se\/?page_id=645","url":"https:\/\/utveckling.blomsterhaga.se\/?page_id=645","name":"Binderier i Alings\u00e5s hos Blomsterhaga","isPartOf":{"@id":"https:\/\/utveckling.blomsterhaga.se\/#website"},"primaryImageOfPage":{"@id":"https:\/\/utveckling.blomsterhaga.se\/?page_id=645#primaryimage"},"image":{"@id":"https:\/\/utveckling.blomsterhaga.se\/?page_id=645#primaryimage"},"thumbnailUrl":"https:\/\/utveckling.blomsterhaga.se\/wp-content\/uploads\/2024\/12\/IMG_4420-683x1024.webp","datePublished":"2024-12-08T15:54:51+00:00","dateModified":"2024-12-14T18:02:02+00:00","description":"Blomsterhaga i Alings\u00e5s \u2013 vi g\u00f6r vackra blomsterarrangemang. Vi skapar binderier f\u00f6r br\u00f6llop, begravningar & blomsterbud.","breadcrumb":{"@id":"https:\/\/utveckling.blomsterhaga.se\/?page_id=645#breadcrumb"},"inLanguage":"sv-SE","potentialAction":[{"@type":"ReadAction","target":["https:\/\/utveckling.blomsterhaga.se\/?page_id=645"]}]},{"@type":"ImageObject","inLanguage":"sv-SE","@id":"https:\/\/utveckling.blomsterhaga.se\/?page_id=645#primaryimage","url":"https:\/\/utveckling.blomsterhaga.se\/wp-content\/uploads\/2024\/12\/IMG_4420.webp","contentUrl":"https:\/\/utveckling.blomsterhaga.se\/wp-content\/uploads\/2024\/12\/IMG_4420.webp","width":1365,"height":2048},{"@type":"BreadcrumbList","@id":"https:\/\/utveckling.blomsterhaga.se\/?page_id=645#breadcrumb","itemListElement":[{"@type":"ListItem","position":1,"name":"Hem","item":"https:\/\/utveckling.blomsterhaga.se\/"},{"@type":"ListItem","position":2,"name":"Binderier i Alings\u00e5s"}]},{"@type":"WebSite","@id":"https:\/\/utveckling.blomsterhaga.se\/#website","url":"https:\/\/utveckling.blomsterhaga.se\/","name":"Blomsterhaga","description":"Blommor, tr\u00e4dg\u00e5rd &amp; interi\u00f6r","publisher":{"@id":"https:\/\/utveckling.blomsterhaga.se\/#organization"},"potentialAction":[{"@type":"SearchAction","target":{"@type":"EntryPoint","urlTemplate":"https:\/\/utveckling.blomsterhaga.se\/?s={search_term_string}"},"query-input":{"@type":"PropertyValueSpecification","valueRequired":true,"valueName":"search_term_string"}}],"inLanguage":"sv-SE"},{"@type":"Organization","@id":"https:\/\/utveckling.blomsterhaga.se\/#organization","name":"Blomsterhaga","url":"https:\/\/utveckling.blomsterhaga.se\/","logo":{"@type":"ImageObject","inLanguage":"sv-SE","@id":"https:\/\/utveckling.blomsterhaga.se\/#\/schema\/logo\/image\/","url":"https:\/\/utveckling.blomsterhaga.se\/wp-content\/uploads\/2024\/11\/Blomsterhaga_logotyp.jpg","contentUrl":"https:\/\/utveckling.blomsterhaga.se\/wp-content\/uploads\/2024\/11\/Blomsterhaga_logotyp.jpg","width":283,"height":142,"caption":"Blomsterhaga"},"image":{"@id":"https:\/\/utveckling.blomsterhaga.se\/#\/schema\/logo\/image\/"}}]}},"_links":{"self":[{"href":"https:\/\/utveckling.blomsterhaga.se\/index.php?rest_route=\/wp\/v2\/pages\/645","targetHints":{"allow":["GET"]}}],"collection":[{"href":"https:\/\/utveckling.blomsterhaga.se\/index.php?rest_route=\/wp\/v2\/pages"}],"about":[{"href":"https:\/\/utveckling.blomsterhaga.se\/index.php?rest_route=\/wp\/v2\/types\/page"}],"author":[{"embeddable":true,"href":"https:\/\/utveckling.blomsterhaga.se\/index.php?rest_route=\/wp\/v2\/users\/2"}],"replies":[{"embeddable":true,"href":"https:\/\/utveckling.blomsterhaga.se\/index.php?rest_route=%2Fwp%2Fv2%2Fcomments&post=645"}],"version-history":[{"count":67,"href":"https:\/\/utveckling.blomsterhaga.se\/index.php?rest_route=\/wp\/v2\/pages\/645\/revisions"}],"predecessor-version":[{"id":914,"href":"https:\/\/utveckling.blomsterhaga.se\/index.php?rest_route=\/wp\/v2\/pages\/645\/revisions\/914"}],"wp:attachment":[{"href":"https:\/\/utveckling.blomsterhaga.se\/index.php?rest_route=%2Fwp%2Fv2%2Fmedia&parent=645"}],"curies":[{"name":"wp","href":"https:\/\/api.w.org\/{rel}","templated":true}]}}