{"id":674,"date":"2024-12-08T17:11:36","date_gmt":"2024-12-08T16:11:36","guid":{"rendered":"https:\/\/utveckling.blomsterhaga.se\/?page_id=674"},"modified":"2024-12-14T19:02:59","modified_gmt":"2024-12-14T18:02:59","slug":"krukvaxter-tradgardsvaxter","status":"publish","type":"page","link":"https:\/\/utveckling.blomsterhaga.se\/?page_id=674","title":{"rendered":"Krukv\u00e4xter &amp; tr\u00e4dg\u00e5rdsv\u00e4xter i Alings\u00e5s"},"content":{"rendered":"\t\t<div data-elementor-type=\"wp-page\" data-elementor-id=\"674\" class=\"elementor elementor-674\" data-elementor-post-type=\"page\">\n\t\t\t\t<div class=\"elementor-element elementor-element-063ffd2 e-con-full e-flex e-con e-parent\" data-id=\"063ffd2\" data-element_type=\"container\">\n\t\t<div class=\"elementor-element elementor-element-bf9ae04 e-con-full e-flex e-con e-child\" data-id=\"bf9ae04\" data-element_type=\"container\" data-settings=\"{&quot;background_background&quot;:&quot;classic&quot;}\">\n\t\t\t\t<\/div>\n\t\t<div class=\"elementor-element elementor-element-4faa85e e-con-full e-flex e-con e-child\" data-id=\"4faa85e\" data-element_type=\"container\" data-settings=\"{&quot;background_background&quot;:&quot;classic&quot;}\">\n\t\t\t\t<div class=\"elementor-element elementor-element-5416cd5 elementor-widget elementor-widget-heading\" data-id=\"5416cd5\" data-element_type=\"widget\" data-widget_type=\"heading.default\">\n\t\t\t\t<div class=\"elementor-widget-container\">\n\t\t\t\t\t<h1 class=\"elementor-heading-title elementor-size-default\">Krukv\u00e4xter & tr\u00e4dg\u00e5rdsv\u00e4xter i Alings\u00e5s<\/h1>\t\t\t\t<\/div>\n\t\t\t\t<\/div>\n\t\t\t\t<div class=\"elementor-element elementor-element-cddc6c1 elementor-widget elementor-widget-text-editor\" data-id=\"cddc6c1\" data-element_type=\"widget\" data-widget_type=\"text-editor.default\">\n\t\t\t\t<div class=\"elementor-widget-container\">\n\t\t\t\t\t\t\t\t\t<div class=\"header\"><p>V\u00e4lkommen till <span style=\"color: #ffffff;\"><a style=\"color: #ffffff;\" href=\"https:\/\/utveckling.blomsterhaga.se\/\">Blomsterhaga<\/a><\/span> i Alings\u00e5s, din lokala butik f\u00f6r krukv\u00e4xter och tr\u00e4dg\u00e5rdsv\u00e4xter. Vi erbjuder ett brett utbud av v\u00e4xter f\u00f6r b\u00e5de hemmet och tr\u00e4dg\u00e5rden \u2013 fr\u00e5n trendiga gr\u00f6na v\u00e4xter till blommande favoriter och t\u00e5liga s\u00e4songsv\u00e4xter. Oavsett om du vill skapa en gr\u00f6n oas inomhus eller f\u00f6rnya din tr\u00e4dg\u00e5rd hj\u00e4lper vi dig att hitta r\u00e4tt v\u00e4xter som passar just dina behov.<\/p><h4>Krukv\u00e4xter &amp; tr\u00e4dg\u00e5rdsv\u00e4xter i Alings\u00e5s<\/h4><p>Hos oss hittar du \u00e4ven allt du beh\u00f6ver f\u00f6r odling, inklusive h\u00f6gkvalitativ jord och g\u00f6dning som ger dina v\u00e4xter b\u00e4sta m\u00f6jliga f\u00f6ruts\u00e4ttningar att v\u00e4xa och frodas. V\u00e5ra kunniga medarbetare delar g\u00e4rna med sig av tips och r\u00e5d f\u00f6r sk\u00f6tsel och plantering, s\u00e5 att du kan njuta av dina v\u00e4xter \u00e5ret runt. Bes\u00f6k oss p\u00e5 Blomsterhaga och l\u00e5t dig inspireras!<\/p><\/div>\t\t\t\t\t\t\t\t<\/div>\n\t\t\t\t<\/div>\n\t\t\t\t<div class=\"elementor-element elementor-element-63758f1 elementor-align-center elementor-widget elementor-widget-button\" data-id=\"63758f1\" data-element_type=\"widget\" data-widget_type=\"button.default\">\n\t\t\t\t<div class=\"elementor-widget-container\">\n\t\t\t\t\t\t\t\t\t<div class=\"elementor-button-wrapper\">\n\t\t\t\t\t<a class=\"elementor-button elementor-button-link elementor-size-sm\" href=\"https:\/\/utveckling.blomsterhaga.se\/?page_id=394\">\n\t\t\t\t\t\t<span class=\"elementor-button-content-wrapper\">\n\t\t\t\t\t\t\t\t\t<span class=\"elementor-button-text\">Se v\u00e5rt \u00f6vriga sortiment<\/span>\n\t\t\t\t\t<\/span>\n\t\t\t\t\t<\/a>\n\t\t\t\t<\/div>\n\t\t\t\t\t\t\t\t<\/div>\n\t\t\t\t<\/div>\n\t\t\t\t<\/div>\n\t\t\t\t<\/div>\n\t\t\t\t<\/div>\n\t\t","protected":false},"excerpt":{"rendered":"<p>Krukv\u00e4xter &amp; tr\u00e4dg\u00e5rdsv\u00e4xter i Alings\u00e5s V\u00e4lkommen till Blomsterhaga i Alings\u00e5s, din lokala butik f\u00f6r krukv\u00e4xter och tr\u00e4dg\u00e5rdsv\u00e4xter. Vi erbjuder ett brett utbud av v\u00e4xter f\u00f6r b\u00e5de hemmet och tr\u00e4dg\u00e5rden \u2013 fr\u00e5n trendiga gr\u00f6na v\u00e4xter till blommande favoriter och t\u00e5liga s\u00e4songsv\u00e4xter. Oavsett om du vill skapa en gr\u00f6n oas inomhus eller f\u00f6rnya din tr\u00e4dg\u00e5rd hj\u00e4lper vi [&hellip;]<\/p>\n","protected":false},"author":2,"featured_media":0,"parent":0,"menu_order":0,"comment_status":"closed","ping_status":"closed","template":"elementor_header_footer","meta":{"footnotes":""},"class_list":["post-674","page","type-page","status-publish","hentry"],"yoast_head":"<!-- This site is optimized with the Yoast SEO plugin v24.0 - https:\/\/yoast.com\/wordpress\/plugins\/seo\/ -->\n<title>Krukv\u00e4xter &amp; tr\u00e4dg\u00e5rdsv\u00e4xter i Alings\u00e5s hos Blomsterhaga<\/title>\n<meta name=\"description\" content=\"Uppt\u00e4ck ett brett utbud av krukv\u00e4xter och tr\u00e4dg\u00e5rdsv\u00e4xter i Alings\u00e5s hos Blomsterhaga. Hitta s\u00e4songens vackraste v\u00e4xter f\u00f6r hem och tr\u00e4dg\u00e5rd!\" \/>\n<meta name=\"robots\" content=\"index, follow, max-snippet:-1, max-image-preview:large, max-video-preview:-1\" \/>\n<link rel=\"canonical\" href=\"https:\/\/utveckling.blomsterhaga.se\/?page_id=674\" \/>\n<meta property=\"og:locale\" content=\"sv_SE\" \/>\n<meta property=\"og:type\" content=\"article\" \/>\n<meta property=\"og:title\" content=\"Krukv\u00e4xter &amp; tr\u00e4dg\u00e5rdsv\u00e4xter i Alings\u00e5s hos Blomsterhaga\" \/>\n<meta property=\"og:description\" content=\"Uppt\u00e4ck ett brett utbud av krukv\u00e4xter och tr\u00e4dg\u00e5rdsv\u00e4xter i Alings\u00e5s hos Blomsterhaga. Hitta s\u00e4songens vackraste v\u00e4xter f\u00f6r hem och tr\u00e4dg\u00e5rd!\" \/>\n<meta property=\"og:url\" content=\"https:\/\/utveckling.blomsterhaga.se\/?page_id=674\" \/>\n<meta property=\"og:site_name\" content=\"Blomsterhaga\" \/>\n<meta property=\"article:modified_time\" content=\"2024-12-14T18:02:59+00:00\" \/>\n<meta name=\"twitter:card\" content=\"summary_large_image\" \/>\n<meta name=\"twitter:label1\" content=\"Ber\u00e4knad l\u00e4stid\" \/>\n\t<meta name=\"twitter:data1\" content=\"1 minut\" \/>\n<script type=\"application\/ld+json\" class=\"yoast-schema-graph\">{\"@context\":\"https:\/\/schema.org\",\"@graph\":[{\"@type\":\"WebPage\",\"@id\":\"https:\/\/utveckling.blomsterhaga.se\/?page_id=674\",\"url\":\"https:\/\/utveckling.blomsterhaga.se\/?page_id=674\",\"name\":\"Krukv\u00e4xter &amp; tr\u00e4dg\u00e5rdsv\u00e4xter i Alings\u00e5s hos Blomsterhaga\",\"isPartOf\":{\"@id\":\"https:\/\/utveckling.blomsterhaga.se\/#website\"},\"datePublished\":\"2024-12-08T16:11:36+00:00\",\"dateModified\":\"2024-12-14T18:02:59+00:00\",\"description\":\"Uppt\u00e4ck ett brett utbud av krukv\u00e4xter och tr\u00e4dg\u00e5rdsv\u00e4xter i Alings\u00e5s hos Blomsterhaga. Hitta s\u00e4songens vackraste v\u00e4xter f\u00f6r hem och tr\u00e4dg\u00e5rd!\",\"breadcrumb\":{\"@id\":\"https:\/\/utveckling.blomsterhaga.se\/?page_id=674#breadcrumb\"},\"inLanguage\":\"sv-SE\",\"potentialAction\":[{\"@type\":\"ReadAction\",\"target\":[\"https:\/\/utveckling.blomsterhaga.se\/?page_id=674\"]}]},{\"@type\":\"BreadcrumbList\",\"@id\":\"https:\/\/utveckling.blomsterhaga.se\/?page_id=674#breadcrumb\",\"itemListElement\":[{\"@type\":\"ListItem\",\"position\":1,\"name\":\"Hem\",\"item\":\"https:\/\/utveckling.blomsterhaga.se\/\"},{\"@type\":\"ListItem\",\"position\":2,\"name\":\"Krukv\u00e4xter &amp; tr\u00e4dg\u00e5rdsv\u00e4xter i Alings\u00e5s\"}]},{\"@type\":\"WebSite\",\"@id\":\"https:\/\/utveckling.blomsterhaga.se\/#website\",\"url\":\"https:\/\/utveckling.blomsterhaga.se\/\",\"name\":\"Blomsterhaga\",\"description\":\"Blommor, tr\u00e4dg\u00e5rd &amp; interi\u00f6r\",\"publisher\":{\"@id\":\"https:\/\/utveckling.blomsterhaga.se\/#organization\"},\"potentialAction\":[{\"@type\":\"SearchAction\",\"target\":{\"@type\":\"EntryPoint\",\"urlTemplate\":\"https:\/\/utveckling.blomsterhaga.se\/?s={search_term_string}\"},\"query-input\":{\"@type\":\"PropertyValueSpecification\",\"valueRequired\":true,\"valueName\":\"search_term_string\"}}],\"inLanguage\":\"sv-SE\"},{\"@type\":\"Organization\",\"@id\":\"https:\/\/utveckling.blomsterhaga.se\/#organization\",\"name\":\"Blomsterhaga\",\"url\":\"https:\/\/utveckling.blomsterhaga.se\/\",\"logo\":{\"@type\":\"ImageObject\",\"inLanguage\":\"sv-SE\",\"@id\":\"https:\/\/utveckling.blomsterhaga.se\/#\/schema\/logo\/image\/\",\"url\":\"https:\/\/utveckling.blomsterhaga.se\/wp-content\/uploads\/2024\/11\/Blomsterhaga_logotyp.jpg\",\"contentUrl\":\"https:\/\/utveckling.blomsterhaga.se\/wp-content\/uploads\/2024\/11\/Blomsterhaga_logotyp.jpg\",\"width\":283,\"height\":142,\"caption\":\"Blomsterhaga\"},\"image\":{\"@id\":\"https:\/\/utveckling.blomsterhaga.se\/#\/schema\/logo\/image\/\"}}]}<\/script>\n<!-- \/ Yoast SEO plugin. -->","yoast_head_json":{"title":"Krukv\u00e4xter &amp; tr\u00e4dg\u00e5rdsv\u00e4xter i Alings\u00e5s hos Blomsterhaga","description":"Uppt\u00e4ck ett brett utbud av krukv\u00e4xter och tr\u00e4dg\u00e5rdsv\u00e4xter i Alings\u00e5s hos Blomsterhaga. Hitta s\u00e4songens vackraste v\u00e4xter f\u00f6r hem och tr\u00e4dg\u00e5rd!","robots":{"index":"index","follow":"follow","max-snippet":"max-snippet:-1","max-image-preview":"max-image-preview:large","max-video-preview":"max-video-preview:-1"},"canonical":"https:\/\/utveckling.blomsterhaga.se\/?page_id=674","og_locale":"sv_SE","og_type":"article","og_title":"Krukv\u00e4xter &amp; tr\u00e4dg\u00e5rdsv\u00e4xter i Alings\u00e5s hos Blomsterhaga","og_description":"Uppt\u00e4ck ett brett utbud av krukv\u00e4xter och tr\u00e4dg\u00e5rdsv\u00e4xter i Alings\u00e5s hos Blomsterhaga. Hitta s\u00e4songens vackraste v\u00e4xter f\u00f6r hem och tr\u00e4dg\u00e5rd!","og_url":"https:\/\/utveckling.blomsterhaga.se\/?page_id=674","og_site_name":"Blomsterhaga","article_modified_time":"2024-12-14T18:02:59+00:00","twitter_card":"summary_large_image","twitter_misc":{"Ber\u00e4knad l\u00e4stid":"1 minut"},"schema":{"@context":"https:\/\/schema.org","@graph":[{"@type":"WebPage","@id":"https:\/\/utveckling.blomsterhaga.se\/?page_id=674","url":"https:\/\/utveckling.blomsterhaga.se\/?page_id=674","name":"Krukv\u00e4xter &amp; tr\u00e4dg\u00e5rdsv\u00e4xter i Alings\u00e5s hos Blomsterhaga","isPartOf":{"@id":"https:\/\/utveckling.blomsterhaga.se\/#website"},"datePublished":"2024-12-08T16:11:36+00:00","dateModified":"2024-12-14T18:02:59+00:00","description":"Uppt\u00e4ck ett brett utbud av krukv\u00e4xter och tr\u00e4dg\u00e5rdsv\u00e4xter i Alings\u00e5s hos Blomsterhaga. Hitta s\u00e4songens vackraste v\u00e4xter f\u00f6r hem och tr\u00e4dg\u00e5rd!","breadcrumb":{"@id":"https:\/\/utveckling.blomsterhaga.se\/?page_id=674#breadcrumb"},"inLanguage":"sv-SE","potentialAction":[{"@type":"ReadAction","target":["https:\/\/utveckling.blomsterhaga.se\/?page_id=674"]}]},{"@type":"BreadcrumbList","@id":"https:\/\/utveckling.blomsterhaga.se\/?page_id=674#breadcrumb","itemListElement":[{"@type":"ListItem","position":1,"name":"Hem","item":"https:\/\/utveckling.blomsterhaga.se\/"},{"@type":"ListItem","position":2,"name":"Krukv\u00e4xter &amp; tr\u00e4dg\u00e5rdsv\u00e4xter i Alings\u00e5s"}]},{"@type":"WebSite","@id":"https:\/\/utveckling.blomsterhaga.se\/#website","url":"https:\/\/utveckling.blomsterhaga.se\/","name":"Blomsterhaga","description":"Blommor, tr\u00e4dg\u00e5rd &amp; interi\u00f6r","publisher":{"@id":"https:\/\/utveckling.blomsterhaga.se\/#organization"},"potentialAction":[{"@type":"SearchAction","target":{"@type":"EntryPoint","urlTemplate":"https:\/\/utveckling.blomsterhaga.se\/?s={search_term_string}"},"query-input":{"@type":"PropertyValueSpecification","valueRequired":true,"valueName":"search_term_string"}}],"inLanguage":"sv-SE"},{"@type":"Organization","@id":"https:\/\/utveckling.blomsterhaga.se\/#organization","name":"Blomsterhaga","url":"https:\/\/utveckling.blomsterhaga.se\/","logo":{"@type":"ImageObject","inLanguage":"sv-SE","@id":"https:\/\/utveckling.blomsterhaga.se\/#\/schema\/logo\/image\/","url":"https:\/\/utveckling.blomsterhaga.se\/wp-content\/uploads\/2024\/11\/Blomsterhaga_logotyp.jpg","contentUrl":"https:\/\/utveckling.blomsterhaga.se\/wp-content\/uploads\/2024\/11\/Blomsterhaga_logotyp.jpg","width":283,"height":142,"caption":"Blomsterhaga"},"image":{"@id":"https:\/\/utveckling.blomsterhaga.se\/#\/schema\/logo\/image\/"}}]}},"_links":{"self":[{"href":"https:\/\/utveckling.blomsterhaga.se\/index.php?rest_route=\/wp\/v2\/pages\/674","targetHints":{"allow":["GET"]}}],"collection":[{"href":"https:\/\/utveckling.blomsterhaga.se\/index.php?rest_route=\/wp\/v2\/pages"}],"about":[{"href":"https:\/\/utveckling.blomsterhaga.se\/index.php?rest_route=\/wp\/v2\/types\/page"}],"author":[{"embeddable":true,"href":"https:\/\/utveckling.blomsterhaga.se\/index.php?rest_route=\/wp\/v2\/users\/2"}],"replies":[{"embeddable":true,"href":"https:\/\/utveckling.blomsterhaga.se\/index.php?rest_route=%2Fwp%2Fv2%2Fcomments&post=674"}],"version-history":[{"count":22,"href":"https:\/\/utveckling.blomsterhaga.se\/index.php?rest_route=\/wp\/v2\/pages\/674\/revisions"}],"predecessor-version":[{"id":920,"href":"https:\/\/utveckling.blomsterhaga.se\/index.php?rest_route=\/wp\/v2\/pages\/674\/revisions\/920"}],"wp:attachment":[{"href":"https:\/\/utveckling.blomsterhaga.se\/index.php?rest_route=%2Fwp%2Fv2%2Fmedia&parent=674"}],"curies":[{"name":"wp","href":"https:\/\/api.w.org\/{rel}","templated":true}]}}