{"id":687,"date":"2024-12-08T17:21:39","date_gmt":"2024-12-08T16:21:39","guid":{"rendered":"https:\/\/utveckling.blomsterhaga.se\/?page_id=687"},"modified":"2024-12-14T19:04:10","modified_gmt":"2024-12-14T18:04:10","slug":"interior-i-alingsas","status":"publish","type":"page","link":"https:\/\/utveckling.blomsterhaga.se\/?page_id=687","title":{"rendered":"Interi\u00f6r i Alings\u00e5s"},"content":{"rendered":"\t\t<div data-elementor-type=\"wp-page\" data-elementor-id=\"687\" class=\"elementor elementor-687\" data-elementor-post-type=\"page\">\n\t\t\t\t<div class=\"elementor-element elementor-element-063ffd2 e-con-full e-flex e-con e-parent\" data-id=\"063ffd2\" data-element_type=\"container\">\n\t\t<div class=\"elementor-element elementor-element-bf9ae04 e-con-full e-flex e-con e-child\" data-id=\"bf9ae04\" data-element_type=\"container\" data-settings=\"{&quot;background_background&quot;:&quot;classic&quot;}\">\n\t\t\t\t<\/div>\n\t\t<div class=\"elementor-element elementor-element-4faa85e e-con-full e-flex e-con e-child\" data-id=\"4faa85e\" data-element_type=\"container\" data-settings=\"{&quot;background_background&quot;:&quot;classic&quot;}\">\n\t\t\t\t<div class=\"elementor-element elementor-element-5416cd5 elementor-widget elementor-widget-heading\" data-id=\"5416cd5\" data-element_type=\"widget\" data-widget_type=\"heading.default\">\n\t\t\t\t<div class=\"elementor-widget-container\">\n\t\t\t\t\t<h1 class=\"elementor-heading-title elementor-size-default\">Interi\u00f6r i Alings\u00e5s<\/h1>\t\t\t\t<\/div>\n\t\t\t\t<\/div>\n\t\t\t\t<div class=\"elementor-element elementor-element-cddc6c1 elementor-widget elementor-widget-text-editor\" data-id=\"cddc6c1\" data-element_type=\"widget\" data-widget_type=\"text-editor.default\">\n\t\t\t\t<div class=\"elementor-widget-container\">\n\t\t\t\t\t\t\t\t\t<div class=\"header\">Hos Blomsterhaga i Alings\u00e5s hittar du interi\u00f6rprodukter som f\u00f6rh\u00f6jer ditt hem. Vi erbjuder vackra dekorationer, ljusstakar, krukor och presenter som passar alla stilar och tillf\u00e4llen. Oavsett om du s\u00f6ker n\u00e5got f\u00f6r att piffa upp ditt hem eller letar efter den perfekta presenten till n\u00e5gon, har vi n\u00e5got f\u00f6r dig. L\u00e5t dig inspireras av v\u00e5rt sortiment och hitta de sm\u00e5 detaljerna som g\u00f6r stor skillnad hemma hos dig.<\/div><div>\u00a0<\/div><div class=\"header\">Vi erbjuder \u00e4ven delikatesser som f\u00f6rgyller festen eller g\u00f6r din vardag lite lyxigare, s\u00e5som oliver, olivolja, chokladpraliner, marmelader mm. \u00d6nskar du ett vackert presentarrangemang av \u00e4tbara produkter hj\u00e4lper vi dig g\u00e4rna.<\/div><div>\u00a0<\/div><div class=\"header\"><p><strong>N\u00e5gra av v\u00e5ra leverant\u00f6rer<\/strong><\/p><p style=\"font-weight: 400;\">Bergs Potter<br \/>Wikholm Form<br \/><span style=\"color: #ffffff;\"><a style=\"color: #ffffff;\" href=\"https:\/\/www.dbkd.se\/\">DBKD<\/a><\/span><br \/>V\u00e4stanvinden<br \/>Ensi<br \/>Konfektyrfabriken\/Sockerbolaget<br \/><a href=\"https:\/\/olivlunden.se\/\">Olivlunden<\/a><br \/>A lot decoration<br \/>Consilimo<br \/>Deluxehome art<br \/>Hoppalanta design<br \/>Bloomingville<br \/>Mr Plant<br \/>Mitt och ditt<br \/>K\u00e4llans naturprodukter<br \/>Rapsodine<br \/>Mast have<br \/>Card Store<br \/>Trivselkort<br \/>Vio Ljus<br \/>Sigtuna Stearinfabrik<br \/>Beriksson<\/p><p><a href=\"https:\/\/utveckling.blomsterhaga.se\/?page_id=687\">Interi\u00f6r i Alings\u00e5s<\/a><\/p><\/div>\t\t\t\t\t\t\t\t<\/div>\n\t\t\t\t<\/div>\n\t\t\t\t<div class=\"elementor-element elementor-element-63758f1 elementor-align-center elementor-widget elementor-widget-button\" data-id=\"63758f1\" data-element_type=\"widget\" data-widget_type=\"button.default\">\n\t\t\t\t<div class=\"elementor-widget-container\">\n\t\t\t\t\t\t\t\t\t<div class=\"elementor-button-wrapper\">\n\t\t\t\t\t<a class=\"elementor-button elementor-button-link elementor-size-sm\" href=\"https:\/\/utveckling.blomsterhaga.se\/?page_id=394\">\n\t\t\t\t\t\t<span class=\"elementor-button-content-wrapper\">\n\t\t\t\t\t\t\t\t\t<span class=\"elementor-button-text\">Se v\u00e5rt \u00f6vriga sortiment<\/span>\n\t\t\t\t\t<\/span>\n\t\t\t\t\t<\/a>\n\t\t\t\t<\/div>\n\t\t\t\t\t\t\t\t<\/div>\n\t\t\t\t<\/div>\n\t\t\t\t<\/div>\n\t\t\t\t<\/div>\n\t\t\t\t<\/div>\n\t\t","protected":false},"excerpt":{"rendered":"<p>Interi\u00f6r i Alings\u00e5s Hos Blomsterhaga i Alings\u00e5s hittar du interi\u00f6rprodukter som f\u00f6rh\u00f6jer ditt hem. Vi erbjuder vackra dekorationer, ljusstakar, krukor och presenter som passar alla stilar och tillf\u00e4llen. Oavsett om du s\u00f6ker n\u00e5got f\u00f6r att piffa upp ditt hem eller letar efter den perfekta presenten till n\u00e5gon, har vi n\u00e5got f\u00f6r dig. L\u00e5t dig inspireras [&hellip;]<\/p>\n","protected":false},"author":2,"featured_media":0,"parent":0,"menu_order":0,"comment_status":"closed","ping_status":"closed","template":"elementor_header_footer","meta":{"footnotes":""},"class_list":["post-687","page","type-page","status-publish","hentry"],"yoast_head":"<!-- This site is optimized with the Yoast SEO plugin v24.0 - https:\/\/yoast.com\/wordpress\/plugins\/seo\/ -->\n<title>Interi\u00f6r i Alings\u00e5s hos Blomsterhaga<\/title>\n<meta name=\"description\" content=\"Uppt\u00e4ck vacker och stilren interi\u00f6r i Alings\u00e5s hos Blomsterhaga. Vi erbjuder ett brett utbud av inredningsdetaljer och presenter.\" \/>\n<meta name=\"robots\" content=\"index, follow, max-snippet:-1, max-image-preview:large, max-video-preview:-1\" \/>\n<link rel=\"canonical\" href=\"https:\/\/utveckling.blomsterhaga.se\/?page_id=687\" \/>\n<meta property=\"og:locale\" content=\"sv_SE\" \/>\n<meta property=\"og:type\" content=\"article\" \/>\n<meta property=\"og:title\" content=\"Interi\u00f6r i Alings\u00e5s hos Blomsterhaga\" \/>\n<meta property=\"og:description\" content=\"Uppt\u00e4ck vacker och stilren interi\u00f6r i Alings\u00e5s hos Blomsterhaga. Vi erbjuder ett brett utbud av inredningsdetaljer och presenter.\" \/>\n<meta property=\"og:url\" content=\"https:\/\/utveckling.blomsterhaga.se\/?page_id=687\" \/>\n<meta property=\"og:site_name\" content=\"Blomsterhaga\" \/>\n<meta property=\"article:modified_time\" content=\"2024-12-14T18:04:10+00:00\" \/>\n<meta name=\"twitter:card\" content=\"summary_large_image\" \/>\n<meta name=\"twitter:label1\" content=\"Ber\u00e4knad l\u00e4stid\" \/>\n\t<meta name=\"twitter:data1\" content=\"1 minut\" \/>\n<script type=\"application\/ld+json\" class=\"yoast-schema-graph\">{\"@context\":\"https:\/\/schema.org\",\"@graph\":[{\"@type\":\"WebPage\",\"@id\":\"https:\/\/utveckling.blomsterhaga.se\/?page_id=687\",\"url\":\"https:\/\/utveckling.blomsterhaga.se\/?page_id=687\",\"name\":\"Interi\u00f6r i Alings\u00e5s hos Blomsterhaga\",\"isPartOf\":{\"@id\":\"https:\/\/utveckling.blomsterhaga.se\/#website\"},\"datePublished\":\"2024-12-08T16:21:39+00:00\",\"dateModified\":\"2024-12-14T18:04:10+00:00\",\"description\":\"Uppt\u00e4ck vacker och stilren interi\u00f6r i Alings\u00e5s hos Blomsterhaga. Vi erbjuder ett brett utbud av inredningsdetaljer och presenter.\",\"breadcrumb\":{\"@id\":\"https:\/\/utveckling.blomsterhaga.se\/?page_id=687#breadcrumb\"},\"inLanguage\":\"sv-SE\",\"potentialAction\":[{\"@type\":\"ReadAction\",\"target\":[\"https:\/\/utveckling.blomsterhaga.se\/?page_id=687\"]}]},{\"@type\":\"BreadcrumbList\",\"@id\":\"https:\/\/utveckling.blomsterhaga.se\/?page_id=687#breadcrumb\",\"itemListElement\":[{\"@type\":\"ListItem\",\"position\":1,\"name\":\"Hem\",\"item\":\"https:\/\/utveckling.blomsterhaga.se\/\"},{\"@type\":\"ListItem\",\"position\":2,\"name\":\"Interi\u00f6r i Alings\u00e5s\"}]},{\"@type\":\"WebSite\",\"@id\":\"https:\/\/utveckling.blomsterhaga.se\/#website\",\"url\":\"https:\/\/utveckling.blomsterhaga.se\/\",\"name\":\"Blomsterhaga\",\"description\":\"Blommor, tr\u00e4dg\u00e5rd &amp; interi\u00f6r\",\"publisher\":{\"@id\":\"https:\/\/utveckling.blomsterhaga.se\/#organization\"},\"potentialAction\":[{\"@type\":\"SearchAction\",\"target\":{\"@type\":\"EntryPoint\",\"urlTemplate\":\"https:\/\/utveckling.blomsterhaga.se\/?s={search_term_string}\"},\"query-input\":{\"@type\":\"PropertyValueSpecification\",\"valueRequired\":true,\"valueName\":\"search_term_string\"}}],\"inLanguage\":\"sv-SE\"},{\"@type\":\"Organization\",\"@id\":\"https:\/\/utveckling.blomsterhaga.se\/#organization\",\"name\":\"Blomsterhaga\",\"url\":\"https:\/\/utveckling.blomsterhaga.se\/\",\"logo\":{\"@type\":\"ImageObject\",\"inLanguage\":\"sv-SE\",\"@id\":\"https:\/\/utveckling.blomsterhaga.se\/#\/schema\/logo\/image\/\",\"url\":\"https:\/\/utveckling.blomsterhaga.se\/wp-content\/uploads\/2024\/11\/Blomsterhaga_logotyp.jpg\",\"contentUrl\":\"https:\/\/utveckling.blomsterhaga.se\/wp-content\/uploads\/2024\/11\/Blomsterhaga_logotyp.jpg\",\"width\":283,\"height\":142,\"caption\":\"Blomsterhaga\"},\"image\":{\"@id\":\"https:\/\/utveckling.blomsterhaga.se\/#\/schema\/logo\/image\/\"}}]}<\/script>\n<!-- \/ Yoast SEO plugin. -->","yoast_head_json":{"title":"Interi\u00f6r i Alings\u00e5s hos Blomsterhaga","description":"Uppt\u00e4ck vacker och stilren interi\u00f6r i Alings\u00e5s hos Blomsterhaga. Vi erbjuder ett brett utbud av inredningsdetaljer och presenter.","robots":{"index":"index","follow":"follow","max-snippet":"max-snippet:-1","max-image-preview":"max-image-preview:large","max-video-preview":"max-video-preview:-1"},"canonical":"https:\/\/utveckling.blomsterhaga.se\/?page_id=687","og_locale":"sv_SE","og_type":"article","og_title":"Interi\u00f6r i Alings\u00e5s hos Blomsterhaga","og_description":"Uppt\u00e4ck vacker och stilren interi\u00f6r i Alings\u00e5s hos Blomsterhaga. Vi erbjuder ett brett utbud av inredningsdetaljer och presenter.","og_url":"https:\/\/utveckling.blomsterhaga.se\/?page_id=687","og_site_name":"Blomsterhaga","article_modified_time":"2024-12-14T18:04:10+00:00","twitter_card":"summary_large_image","twitter_misc":{"Ber\u00e4knad l\u00e4stid":"1 minut"},"schema":{"@context":"https:\/\/schema.org","@graph":[{"@type":"WebPage","@id":"https:\/\/utveckling.blomsterhaga.se\/?page_id=687","url":"https:\/\/utveckling.blomsterhaga.se\/?page_id=687","name":"Interi\u00f6r i Alings\u00e5s hos Blomsterhaga","isPartOf":{"@id":"https:\/\/utveckling.blomsterhaga.se\/#website"},"datePublished":"2024-12-08T16:21:39+00:00","dateModified":"2024-12-14T18:04:10+00:00","description":"Uppt\u00e4ck vacker och stilren interi\u00f6r i Alings\u00e5s hos Blomsterhaga. Vi erbjuder ett brett utbud av inredningsdetaljer och presenter.","breadcrumb":{"@id":"https:\/\/utveckling.blomsterhaga.se\/?page_id=687#breadcrumb"},"inLanguage":"sv-SE","potentialAction":[{"@type":"ReadAction","target":["https:\/\/utveckling.blomsterhaga.se\/?page_id=687"]}]},{"@type":"BreadcrumbList","@id":"https:\/\/utveckling.blomsterhaga.se\/?page_id=687#breadcrumb","itemListElement":[{"@type":"ListItem","position":1,"name":"Hem","item":"https:\/\/utveckling.blomsterhaga.se\/"},{"@type":"ListItem","position":2,"name":"Interi\u00f6r i Alings\u00e5s"}]},{"@type":"WebSite","@id":"https:\/\/utveckling.blomsterhaga.se\/#website","url":"https:\/\/utveckling.blomsterhaga.se\/","name":"Blomsterhaga","description":"Blommor, tr\u00e4dg\u00e5rd &amp; interi\u00f6r","publisher":{"@id":"https:\/\/utveckling.blomsterhaga.se\/#organization"},"potentialAction":[{"@type":"SearchAction","target":{"@type":"EntryPoint","urlTemplate":"https:\/\/utveckling.blomsterhaga.se\/?s={search_term_string}"},"query-input":{"@type":"PropertyValueSpecification","valueRequired":true,"valueName":"search_term_string"}}],"inLanguage":"sv-SE"},{"@type":"Organization","@id":"https:\/\/utveckling.blomsterhaga.se\/#organization","name":"Blomsterhaga","url":"https:\/\/utveckling.blomsterhaga.se\/","logo":{"@type":"ImageObject","inLanguage":"sv-SE","@id":"https:\/\/utveckling.blomsterhaga.se\/#\/schema\/logo\/image\/","url":"https:\/\/utveckling.blomsterhaga.se\/wp-content\/uploads\/2024\/11\/Blomsterhaga_logotyp.jpg","contentUrl":"https:\/\/utveckling.blomsterhaga.se\/wp-content\/uploads\/2024\/11\/Blomsterhaga_logotyp.jpg","width":283,"height":142,"caption":"Blomsterhaga"},"image":{"@id":"https:\/\/utveckling.blomsterhaga.se\/#\/schema\/logo\/image\/"}}]}},"_links":{"self":[{"href":"https:\/\/utveckling.blomsterhaga.se\/index.php?rest_route=\/wp\/v2\/pages\/687","targetHints":{"allow":["GET"]}}],"collection":[{"href":"https:\/\/utveckling.blomsterhaga.se\/index.php?rest_route=\/wp\/v2\/pages"}],"about":[{"href":"https:\/\/utveckling.blomsterhaga.se\/index.php?rest_route=\/wp\/v2\/types\/page"}],"author":[{"embeddable":true,"href":"https:\/\/utveckling.blomsterhaga.se\/index.php?rest_route=\/wp\/v2\/users\/2"}],"replies":[{"embeddable":true,"href":"https:\/\/utveckling.blomsterhaga.se\/index.php?rest_route=%2Fwp%2Fv2%2Fcomments&post=687"}],"version-history":[{"count":40,"href":"https:\/\/utveckling.blomsterhaga.se\/index.php?rest_route=\/wp\/v2\/pages\/687\/revisions"}],"predecessor-version":[{"id":923,"href":"https:\/\/utveckling.blomsterhaga.se\/index.php?rest_route=\/wp\/v2\/pages\/687\/revisions\/923"}],"wp:attachment":[{"href":"https:\/\/utveckling.blomsterhaga.se\/index.php?rest_route=%2Fwp%2Fv2%2Fmedia&parent=687"}],"curies":[{"name":"wp","href":"https:\/\/api.w.org\/{rel}","templated":true}]}}