{"id":71,"date":"2024-11-14T19:00:37","date_gmt":"2024-11-14T19:00:37","guid":{"rendered":"https:\/\/utveckling.blomsterhaga.se\/?page_id=71"},"modified":"2024-12-08T18:10:06","modified_gmt":"2024-12-08T17:10:06","slug":"terms-privacy","status":"publish","type":"page","link":"https:\/\/utveckling.blomsterhaga.se\/?page_id=71","title":{"rendered":"Integritetspolicy"},"content":{"rendered":"\t\t<div data-elementor-type=\"wp-page\" data-elementor-id=\"71\" class=\"elementor elementor-71\" data-elementor-post-type=\"page\">\n\t\t\t\t<div class=\"elementor-element elementor-element-412ac26a e-flex e-con-boxed e-con e-parent\" data-id=\"412ac26a\" data-element_type=\"container\">\n\t\t\t\t\t<div class=\"e-con-inner\">\n\t\t\t\t<div class=\"elementor-element elementor-element-c7e2215 elementor-widget elementor-widget-heading\" data-id=\"c7e2215\" data-element_type=\"widget\" data-widget_type=\"heading.default\">\n\t\t\t\t<div class=\"elementor-widget-container\">\n\t\t\t\t\t<h2 class=\"elementor-heading-title elementor-size-default\">Integritetspolicy f\u00f6r Blomsterhaga<\/h2>\t\t\t\t<\/div>\n\t\t\t\t<\/div>\n\t\t\t\t<div class=\"elementor-element elementor-element-b919138 elementor-widget elementor-widget-text-editor\" data-id=\"b919138\" data-element_type=\"widget\" data-widget_type=\"text-editor.default\">\n\t\t\t\t<div class=\"elementor-widget-container\">\n\t\t\t\t\t\t\t\t\t<p>Senast uppdaterad: 8 december 2024<\/p><p>P\u00e5 Blomsterhaga \u00e4r vi dedikerade att skydda din integritet och s\u00e4kerst\u00e4lla att dina personuppgifter hanteras p\u00e5 ett ansvarsfullt s\u00e4tt. Denna policy f\u00f6rklarar hur vi samlar in, anv\u00e4nder och skyddar dina personuppgifter n\u00e4r du handlar hos oss, kontaktar oss eller anv\u00e4nder v\u00e5ra tj\u00e4nster.<\/p><h3>1. Ansvarig f\u00f6r personuppgifter<\/h3><p>Blomsterhaga, Kristineholmsv\u00e4gen 2,<br \/>44150 Alings\u00e5s, \u00e4r ansvarig f\u00f6r behandlingen av dina personuppgifter i enlighet med denna policy och g\u00e4llande dataskyddslagstiftning.<\/p><h3>2. Vilka personuppgifter behandlar vi och varf\u00f6r?<\/h3><h4>F\u00f6r att hantera best\u00e4llningar och k\u00f6p:<\/h4><p>Vi behandlar personuppgifter f\u00f6r att kunna leverera best\u00e4llda produkter, g\u00f6ra identitetskontroll, hantera betalningar samt hantera retur-, reklamation- och garanti\u00e4renden. De personuppgifter vi behandlar \u00e4r:<\/p><ul><li>Namn<\/li><li>Kontaktuppgifter (adress, e-post, telefonnummer)<\/li><li>Betalinformation (kortk\u00f6p krypteras och g\u00e5r inte att sp\u00e5ra till n\u00e5gra personuppgifter)<\/li><li>Organisations-\/personuppgifter<\/li><li>Kundnummer<\/li><li>Betalningshistorik<\/li><\/ul><h4>F\u00f6r att hantera f\u00f6rfr\u00e5gningar och l\u00e4mna offerter:<\/h4><p>Vi behandlar personuppgifter f\u00f6r att kunna kommunicera med kunder, besvara f\u00f6rfr\u00e5gningar som kommer till oss via telefon eller digitala kanaler (inklusive sociala medier), samt utreda problem och klagom\u00e5l. De personuppgifter som behandlas \u00e4r:<\/p><ul><li>Namn<\/li><li>Kontaktuppgifter (adress, e-post, telefonnummer)<\/li><li>Din korrespondens<\/li><li>Uppgift om k\u00f6ptidpunkt, felet\/klagom\u00e5let p\u00e5 produkten<\/li><\/ul><h4>F\u00f6r att uppfylla r\u00e4ttsliga f\u00f6rpliktelser:<\/h4><p>Vi behandlar personuppgifter f\u00f6r att kunna uppfylla r\u00e4ttsliga f\u00f6rpliktelser enligt krav i lagar, domar och myndighetsbeslut. De personuppgifter som behandlas \u00e4r:<\/p><ul><li>Namn<\/li><li>Kontaktuppgifter (adress, e-post, telefonnummer)<\/li><li>Din korrespondens<\/li><li>Uppgift om k\u00f6ptidpunkt, felet\/klagom\u00e5let p\u00e5 produkten<\/li><li>Organisationsnummer\/Personnummer<\/li><li>Betalningsinformation<\/li><li>Order- och betalningshistorik<\/li><\/ul><h4>\u00d6verf\u00f6ring av personuppgifter<\/h4><p>F\u00f6r n\u00f6dv\u00e4ndig behandling kan personuppgifter komma att \u00f6verf\u00f6ras till andra f\u00f6retag vi samverkar med, s\u00e5som transport\u00f6rer, blomsterf\u00f6rmedlingar, betall\u00f6sningar och IT-tj\u00e4nster. Personuppgifterna behandlas enbart enligt v\u00e5ra riktlinjer och f\u00f6r det \u00e4ndam\u00e5l de samlats in f\u00f6r. Vi kan \u00e4ven vara skyldiga att l\u00e4mna ut uppgifter till statliga myndigheter, som exempelvis Skatteverket, om lag kr\u00e4ver det.<\/p><h3>3. Lagring av personuppgifter<\/h3><p>Vi behandlar personuppgifter i enlighet med g\u00e4llande lagstiftning och sparar dem inte l\u00e4ngre \u00e4n vad som \u00e4r n\u00f6dv\u00e4ndigt f\u00f6r de \u00e4ndam\u00e5l som de samlades in f\u00f6r.<\/p><h3>4. Anv\u00e4ndning av cookies<\/h3><p>N\u00e4r du bes\u00f6ker v\u00e5r webbplats eller anv\u00e4nder v\u00e5ra digitala tj\u00e4nster samlar vi in information om din anv\u00e4ndning genom cookies. Cookies \u00e4r sm\u00e5 textfiler som lagras p\u00e5 din enhet och g\u00f6r att vi kan komma ih\u00e5g dig vid n\u00e4sta bes\u00f6k. Vi anv\u00e4nder cookies f\u00f6r att samla in information som IP-adress, s\u00f6kkriterier, webbl\u00e4sare, bes\u00f6kstid och platsbaserad data. Du kan hantera eller inaktivera cookies genom s\u00e4kerhetsinst\u00e4llningarna i din webbl\u00e4sare.<\/p><h3>5. Dina r\u00e4ttigheter och val<\/h3><p>Du har r\u00e4tt att:<\/p><ul><li>Beg\u00e4ra tillg\u00e5ng till dina personuppgifter genom ett registerutdrag via e-post.<\/li><li>Beg\u00e4ra r\u00e4ttelse av felaktiga eller ofullst\u00e4ndiga uppgifter.<\/li><li>Beg\u00e4ra radering av dina personuppgifter om de inte l\u00e4ngre \u00e4r n\u00f6dv\u00e4ndiga f\u00f6r de \u00e4ndam\u00e5l de samlades in f\u00f6r eller om behandlingen \u00e4r olaglig. Observera att det kan finnas lagliga skyldigheter som hindrar oss fr\u00e5n att radera vissa uppgifter.<\/li><\/ul><h3>6. Kontaktuppgifter<\/h3><p>Om du har fr\u00e5gor om v\u00e5r hantering av personuppgifter eller vill ut\u00f6va dina r\u00e4ttigheter, kan du kontakta oss p\u00e5:<\/p><p>Blomsterhaga<br \/>Kristineholmsv\u00e4gen 2<br \/>44150 Alings\u00e5s<br \/>E-post: <a href=\"mailto:%20butiken@blomsterhaga.se\"><span class=\"elementor-icon-list-text\">butiken@blomsterhaga.se<\/span><\/a><br \/>Telefon: <a href=\"tel:0322-644480\"><span class=\"elementor-icon-list-text\">0322-644480<\/span><\/a><\/p><p>Tack f\u00f6r att du v\u00e4ljer Blomsterhaga!<\/p>\t\t\t\t\t\t\t\t<\/div>\n\t\t\t\t<\/div>\n\t\t\t\t\t<\/div>\n\t\t\t\t<\/div>\n\t\t\t\t<\/div>\n\t\t","protected":false},"excerpt":{"rendered":"<p>Integritetspolicy f\u00f6r Blomsterhaga Senast uppdaterad: 8 december 2024 P\u00e5 Blomsterhaga \u00e4r vi dedikerade att skydda din integritet och s\u00e4kerst\u00e4lla att dina personuppgifter hanteras p\u00e5 ett ansvarsfullt s\u00e4tt. Denna policy f\u00f6rklarar hur vi samlar in, anv\u00e4nder och skyddar dina personuppgifter n\u00e4r du handlar hos oss, kontaktar oss eller anv\u00e4nder v\u00e5ra tj\u00e4nster. 1. Ansvarig f\u00f6r personuppgifter Blomsterhaga, [&hellip;]<\/p>\n","protected":false},"author":2,"featured_media":74,"parent":0,"menu_order":0,"comment_status":"closed","ping_status":"closed","template":"elementor_header_footer","meta":{"footnotes":""},"class_list":["post-71","page","type-page","status-publish","has-post-thumbnail","hentry"],"yoast_head":"<!-- This site is optimized with the Yoast SEO plugin v24.0 - https:\/\/yoast.com\/wordpress\/plugins\/seo\/ -->\n<title>Integritetspolicy - Blomsterhaga<\/title>\n<meta name=\"robots\" content=\"index, follow, max-snippet:-1, max-image-preview:large, max-video-preview:-1\" \/>\n<link rel=\"canonical\" href=\"https:\/\/utveckling.blomsterhaga.se\/?page_id=71\" \/>\n<meta property=\"og:locale\" content=\"sv_SE\" \/>\n<meta property=\"og:type\" content=\"article\" \/>\n<meta property=\"og:title\" content=\"Integritetspolicy - Blomsterhaga\" \/>\n<meta property=\"og:description\" content=\"Integritetspolicy f\u00f6r Blomsterhaga Senast uppdaterad: 8 december 2024 P\u00e5 Blomsterhaga \u00e4r vi dedikerade att skydda din integritet och s\u00e4kerst\u00e4lla att dina personuppgifter hanteras p\u00e5 ett ansvarsfullt s\u00e4tt. Denna policy f\u00f6rklarar hur vi samlar in, anv\u00e4nder och skyddar dina personuppgifter n\u00e4r du handlar hos oss, kontaktar oss eller anv\u00e4nder v\u00e5ra tj\u00e4nster. 1. Ansvarig f\u00f6r personuppgifter Blomsterhaga, [&hellip;]\" \/>\n<meta property=\"og:url\" content=\"https:\/\/utveckling.blomsterhaga.se\/?page_id=71\" \/>\n<meta property=\"og:site_name\" content=\"Blomsterhaga\" \/>\n<meta property=\"article:modified_time\" content=\"2024-12-08T17:10:06+00:00\" \/>\n<meta property=\"og:image\" content=\"https:\/\/utveckling.blomsterhaga.se\/wp-content\/uploads\/2024\/11\/Wooden-Accessories-Store-Terms-and-Privacy.jpg\" \/>\n\t<meta property=\"og:image:width\" content=\"400\" \/>\n\t<meta property=\"og:image:height\" content=\"380\" \/>\n\t<meta property=\"og:image:type\" content=\"image\/jpeg\" \/>\n<meta name=\"twitter:card\" content=\"summary_large_image\" \/>\n<meta name=\"twitter:label1\" content=\"Ber\u00e4knad l\u00e4stid\" \/>\n\t<meta name=\"twitter:data1\" content=\"3 minuter\" \/>\n<script type=\"application\/ld+json\" class=\"yoast-schema-graph\">{\"@context\":\"https:\/\/schema.org\",\"@graph\":[{\"@type\":\"WebPage\",\"@id\":\"https:\/\/utveckling.blomsterhaga.se\/?page_id=71\",\"url\":\"https:\/\/utveckling.blomsterhaga.se\/?page_id=71\",\"name\":\"Integritetspolicy - Blomsterhaga\",\"isPartOf\":{\"@id\":\"https:\/\/utveckling.blomsterhaga.se\/#website\"},\"primaryImageOfPage\":{\"@id\":\"https:\/\/utveckling.blomsterhaga.se\/?page_id=71#primaryimage\"},\"image\":{\"@id\":\"https:\/\/utveckling.blomsterhaga.se\/?page_id=71#primaryimage\"},\"thumbnailUrl\":\"https:\/\/utveckling.blomsterhaga.se\/wp-content\/uploads\/2024\/11\/Wooden-Accessories-Store-Terms-and-Privacy.jpg\",\"datePublished\":\"2024-11-14T19:00:37+00:00\",\"dateModified\":\"2024-12-08T17:10:06+00:00\",\"breadcrumb\":{\"@id\":\"https:\/\/utveckling.blomsterhaga.se\/?page_id=71#breadcrumb\"},\"inLanguage\":\"sv-SE\",\"potentialAction\":[{\"@type\":\"ReadAction\",\"target\":[\"https:\/\/utveckling.blomsterhaga.se\/?page_id=71\"]}]},{\"@type\":\"ImageObject\",\"inLanguage\":\"sv-SE\",\"@id\":\"https:\/\/utveckling.blomsterhaga.se\/?page_id=71#primaryimage\",\"url\":\"https:\/\/utveckling.blomsterhaga.se\/wp-content\/uploads\/2024\/11\/Wooden-Accessories-Store-Terms-and-Privacy.jpg\",\"contentUrl\":\"https:\/\/utveckling.blomsterhaga.se\/wp-content\/uploads\/2024\/11\/Wooden-Accessories-Store-Terms-and-Privacy.jpg\",\"width\":400,\"height\":380},{\"@type\":\"BreadcrumbList\",\"@id\":\"https:\/\/utveckling.blomsterhaga.se\/?page_id=71#breadcrumb\",\"itemListElement\":[{\"@type\":\"ListItem\",\"position\":1,\"name\":\"Hem\",\"item\":\"https:\/\/utveckling.blomsterhaga.se\/\"},{\"@type\":\"ListItem\",\"position\":2,\"name\":\"Integritetspolicy\"}]},{\"@type\":\"WebSite\",\"@id\":\"https:\/\/utveckling.blomsterhaga.se\/#website\",\"url\":\"https:\/\/utveckling.blomsterhaga.se\/\",\"name\":\"Blomsterhaga\",\"description\":\"Blommor, tr\u00e4dg\u00e5rd &amp; interi\u00f6r\",\"publisher\":{\"@id\":\"https:\/\/utveckling.blomsterhaga.se\/#organization\"},\"potentialAction\":[{\"@type\":\"SearchAction\",\"target\":{\"@type\":\"EntryPoint\",\"urlTemplate\":\"https:\/\/utveckling.blomsterhaga.se\/?s={search_term_string}\"},\"query-input\":{\"@type\":\"PropertyValueSpecification\",\"valueRequired\":true,\"valueName\":\"search_term_string\"}}],\"inLanguage\":\"sv-SE\"},{\"@type\":\"Organization\",\"@id\":\"https:\/\/utveckling.blomsterhaga.se\/#organization\",\"name\":\"Blomsterhaga\",\"url\":\"https:\/\/utveckling.blomsterhaga.se\/\",\"logo\":{\"@type\":\"ImageObject\",\"inLanguage\":\"sv-SE\",\"@id\":\"https:\/\/utveckling.blomsterhaga.se\/#\/schema\/logo\/image\/\",\"url\":\"https:\/\/utveckling.blomsterhaga.se\/wp-content\/uploads\/2024\/11\/Blomsterhaga_logotyp.jpg\",\"contentUrl\":\"https:\/\/utveckling.blomsterhaga.se\/wp-content\/uploads\/2024\/11\/Blomsterhaga_logotyp.jpg\",\"width\":283,\"height\":142,\"caption\":\"Blomsterhaga\"},\"image\":{\"@id\":\"https:\/\/utveckling.blomsterhaga.se\/#\/schema\/logo\/image\/\"}}]}<\/script>\n<!-- \/ Yoast SEO plugin. -->","yoast_head_json":{"title":"Integritetspolicy - Blomsterhaga","robots":{"index":"index","follow":"follow","max-snippet":"max-snippet:-1","max-image-preview":"max-image-preview:large","max-video-preview":"max-video-preview:-1"},"canonical":"https:\/\/utveckling.blomsterhaga.se\/?page_id=71","og_locale":"sv_SE","og_type":"article","og_title":"Integritetspolicy - Blomsterhaga","og_description":"Integritetspolicy f\u00f6r Blomsterhaga Senast uppdaterad: 8 december 2024 P\u00e5 Blomsterhaga \u00e4r vi dedikerade att skydda din integritet och s\u00e4kerst\u00e4lla att dina personuppgifter hanteras p\u00e5 ett ansvarsfullt s\u00e4tt. Denna policy f\u00f6rklarar hur vi samlar in, anv\u00e4nder och skyddar dina personuppgifter n\u00e4r du handlar hos oss, kontaktar oss eller anv\u00e4nder v\u00e5ra tj\u00e4nster. 1. Ansvarig f\u00f6r personuppgifter Blomsterhaga, [&hellip;]","og_url":"https:\/\/utveckling.blomsterhaga.se\/?page_id=71","og_site_name":"Blomsterhaga","article_modified_time":"2024-12-08T17:10:06+00:00","og_image":[{"width":400,"height":380,"url":"https:\/\/utveckling.blomsterhaga.se\/wp-content\/uploads\/2024\/11\/Wooden-Accessories-Store-Terms-and-Privacy.jpg","type":"image\/jpeg"}],"twitter_card":"summary_large_image","twitter_misc":{"Ber\u00e4knad l\u00e4stid":"3 minuter"},"schema":{"@context":"https:\/\/schema.org","@graph":[{"@type":"WebPage","@id":"https:\/\/utveckling.blomsterhaga.se\/?page_id=71","url":"https:\/\/utveckling.blomsterhaga.se\/?page_id=71","name":"Integritetspolicy - Blomsterhaga","isPartOf":{"@id":"https:\/\/utveckling.blomsterhaga.se\/#website"},"primaryImageOfPage":{"@id":"https:\/\/utveckling.blomsterhaga.se\/?page_id=71#primaryimage"},"image":{"@id":"https:\/\/utveckling.blomsterhaga.se\/?page_id=71#primaryimage"},"thumbnailUrl":"https:\/\/utveckling.blomsterhaga.se\/wp-content\/uploads\/2024\/11\/Wooden-Accessories-Store-Terms-and-Privacy.jpg","datePublished":"2024-11-14T19:00:37+00:00","dateModified":"2024-12-08T17:10:06+00:00","breadcrumb":{"@id":"https:\/\/utveckling.blomsterhaga.se\/?page_id=71#breadcrumb"},"inLanguage":"sv-SE","potentialAction":[{"@type":"ReadAction","target":["https:\/\/utveckling.blomsterhaga.se\/?page_id=71"]}]},{"@type":"ImageObject","inLanguage":"sv-SE","@id":"https:\/\/utveckling.blomsterhaga.se\/?page_id=71#primaryimage","url":"https:\/\/utveckling.blomsterhaga.se\/wp-content\/uploads\/2024\/11\/Wooden-Accessories-Store-Terms-and-Privacy.jpg","contentUrl":"https:\/\/utveckling.blomsterhaga.se\/wp-content\/uploads\/2024\/11\/Wooden-Accessories-Store-Terms-and-Privacy.jpg","width":400,"height":380},{"@type":"BreadcrumbList","@id":"https:\/\/utveckling.blomsterhaga.se\/?page_id=71#breadcrumb","itemListElement":[{"@type":"ListItem","position":1,"name":"Hem","item":"https:\/\/utveckling.blomsterhaga.se\/"},{"@type":"ListItem","position":2,"name":"Integritetspolicy"}]},{"@type":"WebSite","@id":"https:\/\/utveckling.blomsterhaga.se\/#website","url":"https:\/\/utveckling.blomsterhaga.se\/","name":"Blomsterhaga","description":"Blommor, tr\u00e4dg\u00e5rd &amp; interi\u00f6r","publisher":{"@id":"https:\/\/utveckling.blomsterhaga.se\/#organization"},"potentialAction":[{"@type":"SearchAction","target":{"@type":"EntryPoint","urlTemplate":"https:\/\/utveckling.blomsterhaga.se\/?s={search_term_string}"},"query-input":{"@type":"PropertyValueSpecification","valueRequired":true,"valueName":"search_term_string"}}],"inLanguage":"sv-SE"},{"@type":"Organization","@id":"https:\/\/utveckling.blomsterhaga.se\/#organization","name":"Blomsterhaga","url":"https:\/\/utveckling.blomsterhaga.se\/","logo":{"@type":"ImageObject","inLanguage":"sv-SE","@id":"https:\/\/utveckling.blomsterhaga.se\/#\/schema\/logo\/image\/","url":"https:\/\/utveckling.blomsterhaga.se\/wp-content\/uploads\/2024\/11\/Blomsterhaga_logotyp.jpg","contentUrl":"https:\/\/utveckling.blomsterhaga.se\/wp-content\/uploads\/2024\/11\/Blomsterhaga_logotyp.jpg","width":283,"height":142,"caption":"Blomsterhaga"},"image":{"@id":"https:\/\/utveckling.blomsterhaga.se\/#\/schema\/logo\/image\/"}}]}},"_links":{"self":[{"href":"https:\/\/utveckling.blomsterhaga.se\/index.php?rest_route=\/wp\/v2\/pages\/71","targetHints":{"allow":["GET"]}}],"collection":[{"href":"https:\/\/utveckling.blomsterhaga.se\/index.php?rest_route=\/wp\/v2\/pages"}],"about":[{"href":"https:\/\/utveckling.blomsterhaga.se\/index.php?rest_route=\/wp\/v2\/types\/page"}],"author":[{"embeddable":true,"href":"https:\/\/utveckling.blomsterhaga.se\/index.php?rest_route=\/wp\/v2\/users\/2"}],"replies":[{"embeddable":true,"href":"https:\/\/utveckling.blomsterhaga.se\/index.php?rest_route=%2Fwp%2Fv2%2Fcomments&post=71"}],"version-history":[{"count":14,"href":"https:\/\/utveckling.blomsterhaga.se\/index.php?rest_route=\/wp\/v2\/pages\/71\/revisions"}],"predecessor-version":[{"id":744,"href":"https:\/\/utveckling.blomsterhaga.se\/index.php?rest_route=\/wp\/v2\/pages\/71\/revisions\/744"}],"wp:featuredmedia":[{"embeddable":true,"href":"https:\/\/utveckling.blomsterhaga.se\/index.php?rest_route=\/wp\/v2\/media\/74"}],"wp:attachment":[{"href":"https:\/\/utveckling.blomsterhaga.se\/index.php?rest_route=%2Fwp%2Fv2%2Fmedia&parent=71"}],"curies":[{"name":"wp","href":"https:\/\/api.w.org\/{rel}","templated":true}]}}